{"id":717,"date":"2020-02-26T05:30:07","date_gmt":"2020-02-26T05:30:07","guid":{"rendered":"http:\/\/wp.dynamiclayers.net\/charitian\/volunteer-copy\/"},"modified":"2025-03-19T16:38:43","modified_gmt":"2025-03-19T22:38:43","slug":"upcoming-events","status":"publish","type":"page","link":"https:\/\/asipagac.com\/en\/upcoming-events\/","title":{"rendered":"Upcoming Events"},"content":{"rendered":"<div data-elementor-type=\"wp-page\" data-elementor-id=\"717\" class=\"elementor elementor-717\">\n\t\t\t\t\t\t<section class=\"elementor-section elementor-top-section elementor-element elementor-element-b8fc7d1 elementor-section-stretched elementor-section-full_width elementor-section-height-default elementor-section-height-default\" data-id=\"b8fc7d1\" data-element_type=\"section\" data-settings=\"{&quot;stretch_section&quot;:&quot;section-stretched&quot;}\">\n\t\t\t\t\t\t<div class=\"elementor-container elementor-column-gap-no\">\n\t\t\t\t\t<div class=\"elementor-column elementor-col-100 elementor-top-column elementor-element elementor-element-085065d\" data-id=\"085065d\" data-element_type=\"column\">\n\t\t\t<div class=\"elementor-widget-wrap elementor-element-populated\">\n\t\t\t\t\t\t<div class=\"elementor-element elementor-element-ea86a2b el-align-center elementor-widget elementor-widget-dl_page_header\" data-id=\"ea86a2b\" data-element_type=\"widget\" data-widget_type=\"dl_page_header.default\">\n\t\t\t\t<div class=\"elementor-widget-container\">\n\t\t\t\t\t\t\t<div class=\"el-page-header\">\r\n\t\t\t<div class=\"overlay\"><\/div>\t\t\t<div class=\"container\">\r\n\t\t\t\t<div class=\"el-ph-content\">\r\n\t\t\t\t\t<h2 >Our events<\/h2>\t\t\t\t\t<p >Join our efforts to help and share valuable information<br> that can make a difference in the lives of many people<br> facing this condition.<\/p>\t\t\t\t\t\t\t\t\t\t<ol class=\"breadcrumb-wrap\">\r\n\t\t\t\t\t\t<li><a href=\"https:\/\/asipagac.com\/en\/\">\r\n\t\t\t\t\t\t<i class=\"ti-home\"><\/i>Home\t\t\t\t\t\t<\/a><\/li>\r\n\t\t\t\t\t\t<li class=\"active\">\r\n\t\t\t\t\t\tOur events\t\t\t\t\t\t<\/li>\r\n\t\t\t\t\t<\/ol>\r\n\t\t\t\t\t\t\t\t\t<\/div>\r\n\t\t\t<\/div>\r\n\t\t<\/div>\r\n\t\t\t\t\t\t<\/div>\n\t\t\t\t<\/div>\n\t\t\t\t\t<\/div>\n\t\t<\/div>\n\t\t\t\t\t<\/div>\n\t\t<\/section>\n\t\t\t\t<section class=\"elementor-section elementor-top-section elementor-element elementor-element-2bb0199 elementor-section-boxed elementor-section-height-default elementor-section-height-default\" data-id=\"2bb0199\" data-element_type=\"section\" data-settings=\"{&quot;background_background&quot;:&quot;classic&quot;}\">\n\t\t\t\t\t\t<div class=\"elementor-container elementor-column-gap-default\">\n\t\t\t\t\t<div class=\"elementor-column elementor-col-100 elementor-top-column elementor-element elementor-element-48b8b5d\" data-id=\"48b8b5d\" data-element_type=\"column\">\n\t\t\t<div class=\"elementor-widget-wrap elementor-element-populated\">\n\t\t\t\t\t\t<section class=\"elementor-section elementor-inner-section elementor-element elementor-element-1b13cac elementor-section-boxed elementor-section-height-default elementor-section-height-default\" data-id=\"1b13cac\" data-element_type=\"section\">\n\t\t\t\t\t\t<div class=\"elementor-container elementor-column-gap-default\">\n\t\t\t\t\t<div class=\"elementor-column elementor-col-100 elementor-inner-column elementor-element elementor-element-d2a68f3\" data-id=\"d2a68f3\" data-element_type=\"column\">\n\t\t\t<div class=\"elementor-widget-wrap elementor-element-populated\">\n\t\t\t\t\t\t<div class=\"elementor-element elementor-element-09ef4d8 elementor-widget elementor-widget-dl-event\" data-id=\"09ef4d8\" data-element_type=\"widget\" data-settings=\"{&quot;dl_col_desktop&quot;:&quot;3&quot;,&quot;dl_col_tablet&quot;:&quot;2&quot;,&quot;dl_col_mobile&quot;:&quot;2&quot;}\" data-widget_type=\"dl-event.default\">\n\t\t\t\t<div class=\"elementor-widget-container\">\n\t\t\t\t\t\r\n\t\t\r\n\t\t<div class=\"events-items wt-row  wt-column-desktop-3 wt-column-tablet-2 wt-column-mobile-2\" data-carousel=\"false\">\r\n\r\n\t\t\t\t\t<article class=\"events-item wt-col post-2094 dl-event type-dl-event status-publish has-post-thumbnail hentry event-cat-awareness\" id=\"post-2094\">\r\n\t\t\t\t<div class=\"dl-event-inner\">\r\n\t\t\t\t\t<div class=\"event-thumb\">\r\n\t\t\t\t\t\t<img fetchpriority=\"high\" decoding=\"async\" width=\"450\" height=\"420\" src=\"https:\/\/asipagac.com\/wp-content\/uploads\/2025\/09\/WhatsApp-Image-2025-08-04-at-17.16.44-450x420.jpeg\" class=\"attachment-charitian_450x420 size-charitian_450x420 wp-post-image\" alt=\"\" \/>\t\t\t\t\t\t\t\t\t\t\t\t<div class=\"event-details\">\r\n\t\t\t\t\t\t\t<h3><a href=\"https:\/\/asipagac.com\/en\/events\/buenas-noches-beatriz-espectacular-obra-de-teatro-que-apoyara-a-asipag-ac\/\" class=\"hover-line\">\u00abBuenas Noches Beatriz\u00bb Espectacular Obra de Teatro que apoyara a ASIPAG AC<\/a><\/h3>\r\n\t\t\t\t\t\t\t\t\t\t\t\t\t<\/div>\r\n\t\t\t\t\t<\/div>\r\n\t\t\t\t<\/div>\r\n\t\t\t<\/article>\r\n\t\t\t\t\t\t<article class=\"events-item wt-col post-1099 dl-event type-dl-event status-publish has-post-thumbnail hentry event-cat-health\" id=\"post-1099\">\r\n\t\t\t\t<div class=\"dl-event-inner\">\r\n\t\t\t\t\t<div class=\"event-thumb\">\r\n\t\t\t\t\t\t<img decoding=\"async\" width=\"450\" height=\"420\" src=\"https:\/\/asipagac.com\/wp-content\/uploads\/2020\/02\/WhatsApp-Image-2025-02-21-at-11.49.06-AM-450x420.jpeg\" class=\"attachment-charitian_450x420 size-charitian_450x420 wp-post-image\" alt=\"\" \/>\t\t\t\t\t\t\t\t\t\t\t\t<div class=\"date pos-right\" style=\"background-color: #0c64b2\"><span>28<\/span>Feb<\/div>\r\n\t\t\t\t\t\t\t\t\t\t\t\t<div class=\"event-details\">\r\n\t\t\t\t\t\t\t<h3><a href=\"https:\/\/asipagac.com\/en\/events\/la-vida-es-una-gota\/\" class=\"hover-line\">Life is a drop<\/a><\/h3>\r\n\t\t\t\t\t\t\t\t\t\t\t\t\t\t<ul class=\"event-meta\">\r\n\t\t\t\t\t\t\t\t\t\t\t\t\t\t\t\t<li><i class=\"fas fa-clock\"><\/i>9:00 pm<\/li>\r\n\t\t\t\t\t\t\t\t\t\t\t\t\t\t\t\t\t\t\t\t\t\t\t\t<li><i class=\"fas fa-map-marker-alt\"><\/i>Virtual<\/li>\r\n\t\t\t\t\t\t\t\t\t\t\t\t\t\t\t<\/ul>\r\n\t\t\t\t\t\t\t\t\t\t\t\t\t<\/div>\r\n\t\t\t\t\t<\/div>\r\n\t\t\t\t<\/div>\r\n\t\t\t<\/article>\r\n\t\t\t\t\t\t<article class=\"events-item wt-col post-1098 dl-event type-dl-event status-publish has-post-thumbnail hentry event-cat-health\" id=\"post-1098\">\r\n\t\t\t\t<div class=\"dl-event-inner\">\r\n\t\t\t\t\t<div class=\"event-thumb\">\r\n\t\t\t\t\t\t<img decoding=\"async\" width=\"450\" height=\"420\" src=\"https:\/\/asipagac.com\/wp-content\/uploads\/2020\/02\/Congreso-Iberoamericano-Errores-Innatos-del-Metabolismo-450x420.jpg\" class=\"attachment-charitian_450x420 size-charitian_450x420 wp-post-image\" alt=\"\" \/>\t\t\t\t\t\t\t\t\t\t\t\t<div class=\"date pos-right\" style=\"background-color: #0c64b2\"><span>04<\/span>Dec<\/div>\r\n\t\t\t\t\t\t\t\t\t\t\t\t<div class=\"event-details\">\r\n\t\t\t\t\t\t\t<h3><a href=\"https:\/\/asipagac.com\/en\/events\/2-congreso-iberoamericano-eim\/\" class=\"hover-line\">|| Ibero-american congress of E. I. M<\/a><\/h3>\r\n\t\t\t\t\t\t\t\t\t\t\t\t\t\t<ul class=\"event-meta\">\r\n\t\t\t\t\t\t\t\t\t\t\t\t\t\t\t\t<li><i class=\"fas fa-clock\"><\/i>8:00 am<\/li>\r\n\t\t\t\t\t\t\t\t\t\t\t\t\t\t\t\t\t\t\t\t\t\t\t\t<li><i class=\"fas fa-map-marker-alt\"><\/i>Virtual<\/li>\r\n\t\t\t\t\t\t\t\t\t\t\t\t\t\t\t<\/ul>\r\n\t\t\t\t\t\t\t\t\t\t\t\t\t<\/div>\r\n\t\t\t\t\t<\/div>\r\n\t\t\t\t<\/div>\r\n\t\t\t<\/article>\r\n\t\t\t<div class=\"clearfix\"><\/div>\t\t<\/div>\r\n\t\t\t\t\t\t<\/div>\n\t\t\t\t<\/div>\n\t\t\t\t\t<\/div>\n\t\t<\/div>\n\t\t\t\t\t<\/div>\n\t\t<\/section>\n\t\t\t\t\t<\/div>\n\t\t<\/div>\n\t\t\t\t\t<\/div>\n\t\t<\/section>\n\t\t\t\t<section class=\"elementor-section elementor-top-section elementor-element elementor-element-4b662d7 elementor-section-full_width elementor-section-stretched elementor-section-height-default elementor-section-height-default\" data-id=\"4b662d7\" data-element_type=\"section\" data-settings=\"{&quot;background_background&quot;:&quot;classic&quot;,&quot;stretch_section&quot;:&quot;section-stretched&quot;}\">\n\t\t\t\t\t\t<div class=\"elementor-container elementor-column-gap-no\">\n\t\t\t\t\t<div class=\"elementor-column elementor-col-100 elementor-top-column elementor-element elementor-element-a016264\" data-id=\"a016264\" data-element_type=\"column\">\n\t\t\t<div class=\"elementor-widget-wrap elementor-element-populated\">\n\t\t\t\t\t\t<div class=\"elementor-element elementor-element-9d4884e elementor-widget elementor-widget-sc-heading\" data-id=\"9d4884e\" data-element_type=\"widget\" data-widget_type=\"sc-heading.default\">\n\t\t\t\t<div class=\"elementor-widget-container\">\n\t\t\t\t\t\t\t<div id=\"wt-at-9d4884e\" class=\"headng-wrap center\">\r\n\t\t\t<div class=\"section-heading\">\r\n\t\t\t\t\t\t\t<h4\r\n\t\t\t\t \t\t\t\t>Join Our Cause<\/h4>\r\n\t\t\t\t\t\t\t\t\t\t\t\t<h2\r\n\t\t\t\t \t\t\t\t>Together we Can Make a Difference<\/h2>\r\n\t\t\t\t\t\t\t\t\t\t\t\t<p\r\n\t\t\t\t \t\t\t\t>Our organization operates non-profit and relies on the support of people <br>committed to the cause. You can help through donations, <br>volunteering, or spreading our mission.<\/p>\r\n\t\t\t\t\t\t\t<\/div>\r\n\t\t<\/div>\r\n\r\n\t\t\t\t\t<\/div>\n\t\t\t\t<\/div>\n\t\t\t\t<div class=\"elementor-element elementor-element-bbb9910 wt-align-center elementor-widget elementor-widget-sc_button\" data-id=\"bbb9910\" data-element_type=\"widget\" data-settings=\"{&quot;btn_style&quot;:&quot;1&quot;}\" data-widget_type=\"sc_button.default\">\n\t\t\t\t<div class=\"elementor-widget-container\">\n\t\t\t\t\t\t\t<div id=\"wt-at-bbb9910\" class=\"wt-button-wrap\">\r\n\t\t\t<a href=\"https:\/\/asipagac.com\/en\/fundraising\/\" class=\"dl-btn-2\">Donate now<span><\/span><\/a>\t\t<\/div>\r\n\r\n\t\t\t\t\t<\/div>\n\t\t\t\t<\/div>\n\t\t\t\t\t<\/div>\n\t\t<\/div>\n\t\t\t\t\t<\/div>\n\t\t<\/section>\n\t\t\t\t<section class=\"elementor-section elementor-top-section elementor-element elementor-element-463bede elementor-section-boxed elementor-section-height-default elementor-section-height-default\" data-id=\"463bede\" data-element_type=\"section\">\n\t\t\t\t\t\t<div class=\"elementor-container elementor-column-gap-default\">\n\t\t\t\t\t<div class=\"elementor-column elementor-col-100 elementor-top-column elementor-element elementor-element-45a9124\" data-id=\"45a9124\" data-element_type=\"column\">\n\t\t\t<div class=\"elementor-widget-wrap elementor-element-populated\">\n\t\t\t\t\t\t<div class=\"elementor-element elementor-element-fce12ff elementor-widget elementor-widget-image-carousel\" data-id=\"fce12ff\" data-element_type=\"widget\" data-settings=\"{&quot;slides_to_show&quot;:&quot;4&quot;,&quot;slides_to_show_tablet&quot;:&quot;4&quot;,&quot;slides_to_show_mobile&quot;:&quot;2&quot;,&quot;navigation&quot;:&quot;none&quot;,&quot;autoplay&quot;:&quot;yes&quot;,&quot;pause_on_hover&quot;:&quot;yes&quot;,&quot;pause_on_interaction&quot;:&quot;yes&quot;,&quot;autoplay_speed&quot;:5000,&quot;speed&quot;:500}\" data-widget_type=\"image-carousel.default\">\n\t\t\t\t<div class=\"elementor-widget-container\">\n\t\t\t\t\t\t\t<div class=\"elementor-image-carousel-wrapper swiper\" role=\"region\" aria-roledescription=\"carousel\" aria-label=\"Image Carousel\" dir=\"ltr\">\n\t\t\t<div class=\"elementor-image-carousel swiper-wrapper\" aria-live=\"off\">\n\t\t\t\t\t\t\t\t<div class=\"swiper-slide\" role=\"group\" aria-roledescription=\"slide\" aria-label=\"1 of 4\"><figure class=\"swiper-slide-inner\"><img decoding=\"async\" class=\"swiper-slide-image\" src=\"https:\/\/asipagac.com\/wp-content\/uploads\/2025\/02\/Familiasga_logo-01-e1740108068810.png\" alt=\"Familiasga_logo-01\" \/><\/figure><\/div><div class=\"swiper-slide\" role=\"group\" aria-roledescription=\"slide\" aria-label=\"2 of 4\"><figure class=\"swiper-slide-inner\"><img decoding=\"async\" class=\"swiper-slide-image\" src=\"https:\/\/asipagac.com\/wp-content\/uploads\/2025\/02\/465606573_547089671401350_5904910507662795866_n-150x150.jpg\" alt=\"465606573_547089671401350_5904910507662795866_n\" \/><\/figure><\/div><div class=\"swiper-slide\" role=\"group\" aria-roledescription=\"slide\" aria-label=\"3 of 4\"><figure class=\"swiper-slide-inner\"><img decoding=\"async\" class=\"swiper-slide-image\" src=\"https:\/\/asipagac.com\/wp-content\/uploads\/2025\/02\/inp_logo.png\" alt=\"inp_logo\" \/><\/figure><\/div><div class=\"swiper-slide\" role=\"group\" aria-roledescription=\"slide\" aria-label=\"4 of 4\"><figure class=\"swiper-slide-inner\"><img decoding=\"async\" class=\"swiper-slide-image\" src=\"https:\/\/asipagac.com\/wp-content\/uploads\/2025\/03\/apoyo-metabolismo-150x150.png\" alt=\"apoyo-metabolismo\" \/><\/figure><\/div>\t\t\t<\/div>\n\t\t\t\t\t\t\t\n\t\t\t\t\t\t\t\t\t<\/div>\n\t\t\t\t\t\t<\/div>\n\t\t\t\t<\/div>\n\t\t\t\t\t<\/div>\n\t\t<\/div>\n\t\t\t\t\t<\/div>\n\t\t<\/section>\n\t\t\t\t<\/div>","protected":false},"excerpt":{"rendered":"<p>Nuestros eventos \u00danete a nuestras actividades para ayudar y compartir informaci\u00f3n valiosa que puede marcar la diferencia en la vida de muchas personas que enfrentan esta condici\u00f3n. Home Nuestros eventos 28Feb La vida es una gota 9:00 pm Virtual 04Dec || Congreso Iberoamericano de E.I.M 8:00 am Virtual \u00danete a Nuestra Causa Juntos Podemos Hacer<\/p>","protected":false},"author":2,"featured_media":0,"parent":0,"menu_order":0,"comment_status":"closed","ping_status":"closed","template":"elementor_header_footer","meta":{"_acf_changed":false,"footnotes":""},"class_list":["post-717","page","type-page","status-publish","hentry"],"acf":[],"_links":{"self":[{"href":"https:\/\/asipagac.com\/en\/wp-json\/wp\/v2\/pages\/717","targetHints":{"allow":["GET"]}}],"collection":[{"href":"https:\/\/asipagac.com\/en\/wp-json\/wp\/v2\/pages"}],"about":[{"href":"https:\/\/asipagac.com\/en\/wp-json\/wp\/v2\/types\/page"}],"author":[{"embeddable":true,"href":"https:\/\/asipagac.com\/en\/wp-json\/wp\/v2\/users\/2"}],"replies":[{"embeddable":true,"href":"https:\/\/asipagac.com\/en\/wp-json\/wp\/v2\/comments?post=717"}],"version-history":[{"count":11,"href":"https:\/\/asipagac.com\/en\/wp-json\/wp\/v2\/pages\/717\/revisions"}],"predecessor-version":[{"id":1935,"href":"https:\/\/asipagac.com\/en\/wp-json\/wp\/v2\/pages\/717\/revisions\/1935"}],"wp:attachment":[{"href":"https:\/\/asipagac.com\/en\/wp-json\/wp\/v2\/media?parent=717"}],"curies":[{"name":"wp","href":"https:\/\/api.w.org\/{rel}","templated":true}]}}