{"id":238,"date":"2024-11-07T16:17:14","date_gmt":"2024-11-07T16:17:14","guid":{"rendered":"https:\/\/asipagac.com\/?page_id=238"},"modified":"2024-11-08T18:10:30","modified_gmt":"2024-11-08T18:10:30","slug":"eventos","status":"publish","type":"page","link":"https:\/\/asipagac.com\/en\/eventos\/","title":{"rendered":"Events"},"content":{"rendered":"<div data-elementor-type=\"wp-page\" data-elementor-id=\"238\" class=\"elementor elementor-238\">\n\t\t\t\t<div class=\"elementor-element elementor-element-1ce787bd e-flex e-con-boxed e-con e-parent\" data-id=\"1ce787bd\" data-element_type=\"container\" data-settings=\"{&quot;background_background&quot;:&quot;classic&quot;}\">\n\t\t\t\t\t<div class=\"e-con-inner\">\n\t\t<div class=\"elementor-element elementor-element-7ddb877b e-con-full e-flex e-con e-child\" data-id=\"7ddb877b\" data-element_type=\"container\">\n\t\t\t\t<div class=\"elementor-element elementor-element-6bcd07ff elementor-widget elementor-widget-heading\" data-id=\"6bcd07ff\" data-element_type=\"widget\" data-widget_type=\"heading.default\">\n\t\t\t\t<div class=\"elementor-widget-container\">\n\t\t\t\t\t<h2 class=\"elementor-heading-title elementor-size-default\">EVENTOS<\/h2>\t\t\t\t<\/div>\n\t\t\t\t<\/div>\n\t\t\t\t<\/div>\n\t\t\t\t\t<\/div>\n\t\t\t\t<\/div>\n\t\t<div class=\"elementor-element elementor-element-49f2b73c e-flex e-con-boxed e-con e-parent\" data-id=\"49f2b73c\" data-element_type=\"container\">\n\t\t\t\t\t<div class=\"e-con-inner\">\n\t\t\t\t<div class=\"elementor-element elementor-element-2f34d12 elementor-widget__width-initial elementor-widget elementor-widget-heading\" data-id=\"2f34d12\" data-element_type=\"widget\" data-widget_type=\"heading.default\">\n\t\t\t\t<div class=\"elementor-widget-container\">\n\t\t\t\t\t<h2 class=\"elementor-heading-title elementor-size-default\">Pr\u00f3ximos Eventos de la Asociaci\u00f3n \n<br>Sabina Islas sobre Aciduria Glut\u00e1rica<\/h2>\t\t\t\t<\/div>\n\t\t\t\t<\/div>\n\t\t\t\t<div class=\"elementor-element elementor-element-3b818fc3 elementor-widget elementor-widget-text-editor\" data-id=\"3b818fc3\" data-element_type=\"widget\" data-widget_type=\"text-editor.default\">\n\t\t\t\t<div class=\"elementor-widget-container\">\n\t\t\t\t\t\t\t\t\t<p><span style=\"font-weight: 400;\"><span style=\"vertical-align: inherit;\"><span style=\"vertical-align: inherit;\">Bienvenidos a nuestra secci\u00f3n de eventos, donde compartimos informaci\u00f3n actualizada sobre las pr\u00f3ximas actividades organizadas por la Asociaci\u00f3n Sabina Islas. Nos dedicamos a apoyar y concientizar sobre la Aciduria Glut\u00e1rica, una enfermedad gen\u00e9tica poco frecuente que requiere de un enfoque integral. Aqu\u00ed, encontrar\u00e1 fechas y detalles de eventos dise\u00f1ados para fortalecer la red de apoyo entre pacientes, familias y profesionales de la salud. \u00danete a nosotros en estas oportunidades para aprender, conectar y contribuir a la misi\u00f3n de mejorar la calidad de vida de quienes viven con esta condici\u00f3n.<\/span><\/span><\/span><\/p>\t\t\t\t\t\t\t\t<\/div>\n\t\t\t\t<\/div>\n\t\t\t\t\t<\/div>\n\t\t\t\t<\/div>\n\t\t<div class=\"elementor-element elementor-element-d59b87f e-flex e-con-boxed e-con e-parent\" data-id=\"d59b87f\" data-element_type=\"container\">\n\t\t\t\t\t<div class=\"e-con-inner\">\n\t\t<div class=\"elementor-element elementor-element-b6d5829 e-con-full e-flex e-con e-child\" data-id=\"b6d5829\" data-element_type=\"container\">\n\t\t\t\t<div class=\"elementor-element elementor-element-111ee83 elementor-widget elementor-widget-image\" data-id=\"111ee83\" data-element_type=\"widget\" data-widget_type=\"image.default\">\n\t\t\t\t<div class=\"elementor-widget-container\">\n\t\t\t\t\t\t\t\t\t\t\t\t\t\t\t<img decoding=\"async\" src=\"https:\/\/asipagac.com\/wp-content\/uploads\/2024\/11\/Music-Business-Website-in-White-Grey-Black-Modern-Luxe-Style-2000-x-500-px-2000-x-700-px-2000-x-800-px-2000-x-1200-px-2000-x-1400-px-2000-x-800-px-2000-x-800-px-1140-x-800-px-1140-27.png\" title=\"\" alt=\"Conferencias de m\u00e9dicos\" loading=\"lazy\" \/>\t\t\t\t\t\t\t\t\t\t\t\t\t\t\t<\/div>\n\t\t\t\t<\/div>\n\t\t\t\t<div class=\"elementor-element elementor-element-b3fc833 elementor-widget elementor-widget-heading\" data-id=\"b3fc833\" data-element_type=\"widget\" data-widget_type=\"heading.default\">\n\t\t\t\t<div class=\"elementor-widget-container\">\n\t\t\t\t\t<h2 class=\"elementor-heading-title elementor-size-default\">Upcoming events <\/h2>\t\t\t\t<\/div>\n\t\t\t\t<\/div>\n\t\t\t\t<div class=\"elementor-element elementor-element-62254db elementor-widget elementor-widget-text-editor\" data-id=\"62254db\" data-element_type=\"widget\" data-widget_type=\"text-editor.default\">\n\t\t\t\t<div class=\"elementor-widget-container\">\n\t\t\t\t\t\t\t\t\t<p><span style=\"vertical-align: inherit;\"><span style=\"vertical-align: inherit;\"><span style=\"vertical-align: inherit;\"><span style=\"vertical-align: inherit;\"><span style=\"vertical-align: inherit;\"><span style=\"vertical-align: inherit;\">Conferencias<\/span><\/span><\/span><\/span><\/span><\/span><\/p>\t\t\t\t\t\t\t\t<\/div>\n\t\t\t\t<\/div>\n\t\t\t\t<\/div>\n\t\t<div class=\"elementor-element elementor-element-1335749 e-con-full e-flex e-con e-child\" data-id=\"1335749\" data-element_type=\"container\">\n\t\t\t\t<div class=\"elementor-element elementor-element-3275e57 elementor-widget elementor-widget-image\" data-id=\"3275e57\" data-element_type=\"widget\" data-widget_type=\"image.default\">\n\t\t\t\t<div class=\"elementor-widget-container\">\n\t\t\t\t\t\t\t\t\t\t\t\t\t\t\t<img decoding=\"async\" src=\"https:\/\/asipagac.com\/wp-content\/uploads\/2024\/11\/Music-Business-Website-in-White-Grey-Black-Modern-Luxe-Style-2000-x-500-px-2000-x-700-px-2000-x-800-px-2000-x-1200-px-2000-x-1400-px-2000-x-800-px-2000-x-800-px-1140-x-800-px-1140-28.png\" title=\"\" alt=\"Innovaciones\" loading=\"lazy\" \/>\t\t\t\t\t\t\t\t\t\t\t\t\t\t\t<\/div>\n\t\t\t\t<\/div>\n\t\t\t\t<div class=\"elementor-element elementor-element-0821805 elementor-widget elementor-widget-heading\" data-id=\"0821805\" data-element_type=\"widget\" data-widget_type=\"heading.default\">\n\t\t\t\t<div class=\"elementor-widget-container\">\n\t\t\t\t\t<h2 class=\"elementor-heading-title elementor-size-default\">Upcoming events <\/h2>\t\t\t\t<\/div>\n\t\t\t\t<\/div>\n\t\t\t\t<div class=\"elementor-element elementor-element-b9bcab0 elementor-widget elementor-widget-text-editor\" data-id=\"b9bcab0\" data-element_type=\"widget\" data-widget_type=\"text-editor.default\">\n\t\t\t\t<div class=\"elementor-widget-container\">\n\t\t\t\t\t\t\t\t\t<p><span style=\"vertical-align: inherit;\"><span style=\"vertical-align: inherit;\"><span style=\"vertical-align: inherit;\"><span style=\"vertical-align: inherit;\"><span style=\"vertical-align: inherit;\"><span style=\"vertical-align: inherit;\"><span style=\"vertical-align: inherit;\"><span style=\"vertical-align: inherit;\">Innovaciones<\/span><\/span><\/span><\/span><\/span><\/span><\/span><\/span><\/p>\t\t\t\t\t\t\t\t<\/div>\n\t\t\t\t<\/div>\n\t\t\t\t<\/div>\n\t\t<div class=\"elementor-element elementor-element-cb4e2b1 e-con-full e-flex e-con e-child\" data-id=\"cb4e2b1\" data-element_type=\"container\">\n\t\t\t\t<div class=\"elementor-element elementor-element-19673d7 elementor-widget elementor-widget-image\" data-id=\"19673d7\" data-element_type=\"widget\" data-widget_type=\"image.default\">\n\t\t\t\t<div class=\"elementor-widget-container\">\n\t\t\t\t\t\t\t\t\t\t\t\t\t\t\t<img decoding=\"async\" src=\"https:\/\/asipagac.com\/wp-content\/uploads\/2024\/11\/Music-Business-Website-in-White-Grey-Black-Modern-Luxe-Style-2000-x-500-px-2000-x-700-px-2000-x-800-px-2000-x-1200-px-2000-x-1400-px-2000-x-800-px-2000-x-800-px-1140-x-800-px-1140-29.png\" title=\"\" alt=\"jornadas de charlas con Pacientes y familiares\" loading=\"lazy\" \/>\t\t\t\t\t\t\t\t\t\t\t\t\t\t\t<\/div>\n\t\t\t\t<\/div>\n\t\t\t\t<div class=\"elementor-element elementor-element-66971b6 elementor-widget elementor-widget-heading\" data-id=\"66971b6\" data-element_type=\"widget\" data-widget_type=\"heading.default\">\n\t\t\t\t<div class=\"elementor-widget-container\">\n\t\t\t\t\t<h2 class=\"elementor-heading-title elementor-size-default\">Upcoming events <\/h2>\t\t\t\t<\/div>\n\t\t\t\t<\/div>\n\t\t\t\t<div class=\"elementor-element elementor-element-c2b4637 elementor-widget elementor-widget-text-editor\" data-id=\"c2b4637\" data-element_type=\"widget\" data-widget_type=\"text-editor.default\">\n\t\t\t\t<div class=\"elementor-widget-container\">\n\t\t\t\t\t\t\t\t\t<p><span style=\"vertical-align: inherit;\"><span style=\"vertical-align: inherit;\"><span style=\"vertical-align: inherit;\"><span style=\"vertical-align: inherit;\"><span style=\"vertical-align: inherit;\"><span style=\"vertical-align: inherit;\"><span style=\"vertical-align: inherit;\"><span style=\"vertical-align: inherit;\">Charlas<\/span><\/span><\/span><\/span><\/span><\/span><\/span><\/span><\/p>\t\t\t\t\t\t\t\t<\/div>\n\t\t\t\t<\/div>\n\t\t\t\t<\/div>\n\t\t\t\t\t<\/div>\n\t\t\t\t<\/div>\n\t\t<div class=\"elementor-element elementor-element-fc2030e e-flex e-con-boxed e-con e-parent\" data-id=\"fc2030e\" data-element_type=\"container\" data-settings=\"{&quot;background_background&quot;:&quot;classic&quot;}\">\n\t\t\t\t\t<div class=\"e-con-inner\">\n\t\t<div class=\"elementor-element elementor-element-30b5559 e-con-full e-flex e-con e-child\" data-id=\"30b5559\" data-element_type=\"container\">\n\t\t\t\t<div class=\"elementor-element elementor-element-7b1d116 elementor-widget elementor-widget-heading\" data-id=\"7b1d116\" data-element_type=\"widget\" data-widget_type=\"heading.default\">\n\t\t\t\t<div class=\"elementor-widget-container\">\n\t\t\t\t\t<h2 class=\"elementor-heading-title elementor-size-default\">Recursos<\/h2>\t\t\t\t<\/div>\n\t\t\t\t<\/div>\n\t\t\t\t<div class=\"elementor-element elementor-element-83b0679 elementor-widget elementor-widget-heading\" data-id=\"83b0679\" data-element_type=\"widget\" data-widget_type=\"heading.default\">\n\t\t\t\t<div class=\"elementor-widget-container\">\n\t\t\t\t\t<h2 class=\"elementor-heading-title elementor-size-default\">Siempre recibimos toda su ayuda <\/h2>\t\t\t\t<\/div>\n\t\t\t\t<\/div>\n\t\t\t\t<div class=\"elementor-element elementor-element-970570d elementor-widget elementor-widget-text-editor\" data-id=\"970570d\" data-element_type=\"widget\" data-widget_type=\"text-editor.default\">\n\t\t\t\t<div class=\"elementor-widget-container\">\n\t\t\t\t\t\t\t\t\t<p><span style=\"vertical-align: inherit;\"><span style=\"vertical-align: inherit;\"><span style=\"vertical-align: inherit;\"><span style=\"vertical-align: inherit;\"><span style=\"vertical-align: inherit;\"><span style=\"vertical-align: inherit;\"><span style=\"vertical-align: inherit;\"><span style=\"vertical-align: inherit;\"><span style=\"vertical-align: inherit;\"><span style=\"vertical-align: inherit;\"><span style=\"vertical-align: inherit;\"><span style=\"vertical-align: inherit;\">Quienes ante el desconocimiento general sobre la enfermedad, la variabilidad en su tratamiento y la falta de contacto con otras familias, decidieron unir esfuerzos para mejorar la calidad de vida de los afectados y sus familias.\u00a0<\/span><\/span><\/span><\/span><\/span><\/span><\/span><\/span><\/span><\/span><\/span><\/span><\/p>\t\t\t\t\t\t\t\t<\/div>\n\t\t\t\t<\/div>\n\t\t<div class=\"elementor-element elementor-element-fec543d e-con-full e-flex e-con e-child\" data-id=\"fec543d\" data-element_type=\"container\">\n\t\t<div class=\"elementor-element elementor-element-67ba3e1 e-con-full e-flex e-con e-child\" data-id=\"67ba3e1\" data-element_type=\"container\">\n\t\t\t\t<div class=\"elementor-element elementor-element-95c34a1 elementor-widget__width-inherit elementor-widget-mobile__width-auto elementor-absolute elementor-widget elementor-widget-image\" data-id=\"95c34a1\" data-element_type=\"widget\" data-settings=\"{&quot;_position&quot;:&quot;absolute&quot;}\" data-widget_type=\"image.default\">\n\t\t\t\t<div class=\"elementor-widget-container\">\n\t\t\t\t\t\t\t\t\t\t\t\t\t\t\t<img decoding=\"async\" src=\"https:\/\/asipagac.com\/wp-content\/uploads\/2024\/11\/GAP-TIPO-1-11.png\" title=\"\" alt=\"\" loading=\"lazy\" \/>\t\t\t\t\t\t\t\t\t\t\t\t\t\t\t<\/div>\n\t\t\t\t<\/div>\n\t\t<div class=\"elementor-element elementor-element-0d7ea1f e-con-full e-flex e-con e-child\" data-id=\"0d7ea1f\" data-element_type=\"container\">\n\t\t\t\t<div class=\"elementor-element elementor-element-cfec0aa elementor-align-right elementor-widget__width-auto elementor-widget elementor-widget-button\" data-id=\"cfec0aa\" data-element_type=\"widget\" data-widget_type=\"button.default\">\n\t\t\t\t<div class=\"elementor-widget-container\">\n\t\t\t\t\t\t\t\t\t<div class=\"elementor-button-wrapper\">\n\t\t\t\t\t<a class=\"elementor-button elementor-button-link elementor-size-sm\" href=\"#\">\n\t\t\t\t\t\t<span class=\"elementor-button-content-wrapper\">\n\t\t\t\t\t\t\t\t\t<span class=\"elementor-button-text\">DONAR AHORA<\/span>\n\t\t\t\t\t<\/span>\n\t\t\t\t\t<\/a>\n\t\t\t\t<\/div>\n\t\t\t\t\t\t\t\t<\/div>\n\t\t\t\t<\/div>\n\t\t\t\t<\/div>\n\t\t<div class=\"elementor-element elementor-element-c035c00 e-con-full e-flex e-con e-child\" data-id=\"c035c00\" data-element_type=\"container\">\n\t\t\t\t<div class=\"elementor-element elementor-element-c94c8f8 elementor-align-left elementor-widget__width-inherit elementor-widget-mobile__width-auto elementor-widget elementor-widget-button\" data-id=\"c94c8f8\" data-element_type=\"widget\" data-widget_type=\"button.default\">\n\t\t\t\t<div class=\"elementor-widget-container\">\n\t\t\t\t\t\t\t\t\t<div class=\"elementor-button-wrapper\">\n\t\t\t\t\t<a class=\"elementor-button elementor-button-link elementor-size-sm\" href=\"https:\/\/api.whatsapp.com\/send?phone=5213338072445\">\n\t\t\t\t\t\t<span class=\"elementor-button-content-wrapper\">\n\t\t\t\t\t\t\t\t\t<span class=\"elementor-button-text\">CONT\u00c1CTENOS<\/span>\n\t\t\t\t\t<\/span>\n\t\t\t\t\t<\/a>\n\t\t\t\t<\/div>\n\t\t\t\t\t\t\t\t<\/div>\n\t\t\t\t<\/div>\n\t\t\t\t<\/div>\n\t\t\t\t<\/div>\n\t\t\t\t<\/div>\n\t\t\t\t<\/div>\n\t\t\t\t\t<\/div>\n\t\t\t\t<\/div>\n\t\t\t\t<\/div>","protected":false},"excerpt":{"rendered":"<p>EVENTOS Pr\u00f3ximos Eventos de la Asociaci\u00f3n Sabina Islas sobre Aciduria Glut\u00e1rica Bienvenidos a nuestra secci\u00f3n de eventos, donde compartimos informaci\u00f3n actualizada sobre las pr\u00f3ximas actividades organizadas por la Asociaci\u00f3n Sabina Islas. Nos dedicamos a apoyar y concientizar sobre la Aciduria Glut\u00e1rica, una enfermedad gen\u00e9tica poco frecuente que requiere de un enfoque integral. Aqu\u00ed, encontrar\u00e1 fechas<\/p>","protected":false},"author":2,"featured_media":0,"parent":0,"menu_order":0,"comment_status":"closed","ping_status":"closed","template":"elementor_header_footer","meta":{"_acf_changed":false,"footnotes":""},"class_list":["post-238","page","type-page","status-publish","hentry"],"acf":[],"_links":{"self":[{"href":"https:\/\/asipagac.com\/en\/wp-json\/wp\/v2\/pages\/238","targetHints":{"allow":["GET"]}}],"collection":[{"href":"https:\/\/asipagac.com\/en\/wp-json\/wp\/v2\/pages"}],"about":[{"href":"https:\/\/asipagac.com\/en\/wp-json\/wp\/v2\/types\/page"}],"author":[{"embeddable":true,"href":"https:\/\/asipagac.com\/en\/wp-json\/wp\/v2\/users\/2"}],"replies":[{"embeddable":true,"href":"https:\/\/asipagac.com\/en\/wp-json\/wp\/v2\/comments?post=238"}],"version-history":[{"count":11,"href":"https:\/\/asipagac.com\/en\/wp-json\/wp\/v2\/pages\/238\/revisions"}],"predecessor-version":[{"id":327,"href":"https:\/\/asipagac.com\/en\/wp-json\/wp\/v2\/pages\/238\/revisions\/327"}],"wp:attachment":[{"href":"https:\/\/asipagac.com\/en\/wp-json\/wp\/v2\/media?parent=238"}],"curies":[{"name":"wp","href":"https:\/\/api.w.org\/{rel}","templated":true}]}}