{"id":2008,"date":"2025-05-02T16:14:26","date_gmt":"2025-05-02T22:14:26","guid":{"rendered":"https:\/\/asipagac.com\/?page_id=2008"},"modified":"2025-05-02T16:18:19","modified_gmt":"2025-05-02T22:18:19","slug":"dra-sara-guillen-lopez-2","status":"publish","type":"page","link":"https:\/\/asipagac.com\/en\/dra-sara-guillen-lopez-2\/","title":{"rendered":"Dr. Sara Guill\u00e9n L\u00f3pez"},"content":{"rendered":"<div data-elementor-type=\"wp-page\" data-elementor-id=\"2008\" class=\"elementor elementor-2008\">\n\t\t\t\t<div class=\"elementor-element elementor-element-096f19f e-con-full e-flex e-con e-parent\" data-id=\"096f19f\" data-element_type=\"container\">\n\t\t\t\t<div class=\"elementor-element elementor-element-8e30c5c el-align-center elementor-widget elementor-widget-dl_page_header\" data-id=\"8e30c5c\" data-element_type=\"widget\" data-widget_type=\"dl_page_header.default\">\n\t\t\t\t<div class=\"elementor-widget-container\">\n\t\t\t\t\t\t\t<div class=\"el-page-header\">\r\n\t\t\t\t\t\t<div class=\"container-fluid\">\r\n\t\t\t\t<div class=\"el-ph-content\">\r\n\t\t\t\t\t<h2>Dr. Sara Guill\u00e9n L\u00f3pez<\/h2>\t\t\t\t\t<p >Dra. Ericka Vargas Quevedo\n<\/p>\t\t\t\t\t\t\t\t\t\t<ol class=\"breadcrumb-wrap\">\r\n\t\t\t\t\t\t<li><a href=\"https:\/\/asipagac.com\/en\/\">\r\n\t\t\t\t\t\t<i class=\"ti-home\"><\/i>Home\t\t\t\t\t\t<\/a><\/li>\r\n\t\t\t\t\t\t<li class=\"active\">\r\n\t\t\t\t\t\tDr. Sara Guill\u00e9n L\u00f3pez\t\t\t\t\t\t<\/li>\r\n\t\t\t\t\t<\/ol>\r\n\t\t\t\t\t\t\t\t\t<\/div>\r\n\t\t\t<\/div>\r\n\t\t<\/div>\r\n\t\t\t\t\t\t<\/div>\n\t\t\t\t<\/div>\n\t\t\t\t<\/div>\n\t\t<div class=\"elementor-element elementor-element-44a4c90 e-flex e-con-boxed e-con e-parent\" data-id=\"44a4c90\" data-element_type=\"container\">\n\t\t\t\t\t<div class=\"e-con-inner\">\n\t\t<div class=\"elementor-element elementor-element-cde6b19 e-con-full e-flex e-con e-child\" data-id=\"cde6b19\" data-element_type=\"container\">\n\t\t\t\t<div class=\"elementor-element elementor-element-8c29792 elementor-widget elementor-widget-image\" data-id=\"8c29792\" data-element_type=\"widget\" data-widget_type=\"image.default\">\n\t\t\t\t<div class=\"elementor-widget-container\">\n\t\t\t\t\t\t\t\t\t\t\t\t\t\t\t<img decoding=\"async\" src=\"https:\/\/asipagac.com\/wp-content\/uploads\/elementor\/thumbs\/Dra-Erika-Vargas-r58i35w6l4lvh3m3au46uh655r4821cz8l28z74alg.jpg\" title=\"Dra Erika Vargas\" alt=\"Dra Erika Vargas\" loading=\"lazy\" \/>\t\t\t\t\t\t\t\t\t\t\t\t\t\t\t<\/div>\n\t\t\t\t<\/div>\n\t\t\t\t<\/div>\n\t\t<div class=\"elementor-element elementor-element-aadb564 e-con-full e-flex e-con e-child\" data-id=\"aadb564\" data-element_type=\"container\">\n\t\t\t\t<div class=\"elementor-element elementor-element-facd52e elementor-widget elementor-widget-text-editor\" data-id=\"facd52e\" data-element_type=\"widget\" data-widget_type=\"text-editor.default\">\n\t\t\t\t<div class=\"elementor-widget-container\">\n\t\t\t\t\t\t\t\t\t<p>Dra. Ericka Vargas Quevedo<br \/>Es M\u00e9dico Pediatra Internista (Instituto Nacional de Pediatr\u00eda)<br \/>Maestria en Ciencias de la Salud y Especializacion en Investigaci\u00f3n (Instituto Polit\u00e9cnico Nacional)<br \/>Master Universitario en Enfermedades Metabolicas Hereditarias (Universidad de Santiago de Compostela).<br \/>Master en Enfermedades de Dep\u00f3sito Lisosomal (Unidad de Investigaci\u00f3n Traslacional, Instituto Aragon\u00e9s de Ciencias de la Salud, Madrid, Espa\u00f1a).<br \/>MPS, Fabry y Gaucher Disease (Training Certification of FYMCA Medical ltd, Panam\u00e1 City (2017-2019).<br \/>Participa c\u00f3mo speaker en diversos eventos cient\u00edficos, cuenta con diversas publicaciones nacionales e internacionales y diversos cap\u00edtulos en el area de las enfermedades raras y enfermedades metab\u00f3licas. Actualmente es Fundadora y Coordinadora de la Cl\u00ednica de Errores Innatos del Metabolismo Pedi\u00e1tricos y Enfermedades Raras del ISSSTE a nivel nacional, d\u00e1ndole atenci\u00f3n integral a este tipo de enfermedades.<\/p>\t\t\t\t\t\t\t\t<\/div>\n\t\t\t\t<\/div>\n\t\t\t\t<\/div>\n\t\t\t\t\t<\/div>\n\t\t\t\t<\/div>\n\t\t<div class=\"elementor-element elementor-element-ff349e3 e-flex e-con-boxed e-con e-parent\" data-id=\"ff349e3\" data-element_type=\"container\">\n\t\t\t\t\t<div class=\"e-con-inner\">\n\t\t\t\t\t<\/div>\n\t\t\t\t<\/div>\n\t\t\t\t<section class=\"elementor-section elementor-top-section elementor-element elementor-element-1144fd5 elementor-section-boxed elementor-section-height-default elementor-section-height-default\" data-id=\"1144fd5\" data-element_type=\"section\">\n\t\t\t\t\t\t<div class=\"elementor-container elementor-column-gap-default\">\n\t\t\t\t\t<div class=\"elementor-column elementor-col-100 elementor-top-column elementor-element elementor-element-f15ab5e\" data-id=\"f15ab5e\" data-element_type=\"column\">\n\t\t\t<div class=\"elementor-widget-wrap elementor-element-populated\">\n\t\t\t\t\t\t<div class=\"elementor-element elementor-element-ce2cea5 elementor-widget elementor-widget-image-carousel\" data-id=\"ce2cea5\" data-element_type=\"widget\" data-settings=\"{&quot;slides_to_show&quot;:&quot;3&quot;,&quot;slides_to_show_tablet&quot;:&quot;4&quot;,&quot;slides_to_show_mobile&quot;:&quot;2&quot;,&quot;navigation&quot;:&quot;none&quot;,&quot;autoplay&quot;:&quot;yes&quot;,&quot;pause_on_hover&quot;:&quot;yes&quot;,&quot;pause_on_interaction&quot;:&quot;yes&quot;,&quot;autoplay_speed&quot;:5000,&quot;speed&quot;:500}\" data-widget_type=\"image-carousel.default\">\n\t\t\t\t<div class=\"elementor-widget-container\">\n\t\t\t\t\t\t\t<div class=\"elementor-image-carousel-wrapper swiper\" role=\"region\" aria-roledescription=\"carousel\" aria-label=\"Image Carousel\" dir=\"ltr\">\n\t\t\t<div class=\"elementor-image-carousel swiper-wrapper\" aria-live=\"off\">\n\t\t\t\t\t\t\t\t<div class=\"swiper-slide\" role=\"group\" aria-roledescription=\"slide\" aria-label=\"1 of 4\"><figure class=\"swiper-slide-inner\"><img decoding=\"async\" class=\"swiper-slide-image\" src=\"https:\/\/asipagac.com\/wp-content\/uploads\/2025\/02\/Familiasga_logo-01-e1740108068810.png\" alt=\"Familiasga_logo-01\" \/><\/figure><\/div><div class=\"swiper-slide\" role=\"group\" aria-roledescription=\"slide\" aria-label=\"2 of 4\"><figure class=\"swiper-slide-inner\"><img decoding=\"async\" class=\"swiper-slide-image\" src=\"https:\/\/asipagac.com\/wp-content\/uploads\/2025\/02\/465606573_547089671401350_5904910507662795866_n-150x150.jpg\" alt=\"465606573_547089671401350_5904910507662795866_n\" \/><\/figure><\/div><div class=\"swiper-slide\" role=\"group\" aria-roledescription=\"slide\" aria-label=\"3 of 4\"><figure class=\"swiper-slide-inner\"><img decoding=\"async\" class=\"swiper-slide-image\" src=\"https:\/\/asipagac.com\/wp-content\/uploads\/2025\/02\/inp_logo.png\" alt=\"inp_logo\" \/><\/figure><\/div><div class=\"swiper-slide\" role=\"group\" aria-roledescription=\"slide\" aria-label=\"4 of 4\"><figure class=\"swiper-slide-inner\"><img decoding=\"async\" class=\"swiper-slide-image\" src=\"https:\/\/asipagac.com\/wp-content\/uploads\/2025\/05\/issste-150x150.png\" alt=\"ISSSTE\" \/><\/figure><\/div>\t\t\t<\/div>\n\t\t\t\t\t\t\t\n\t\t\t\t\t\t\t\t\t<\/div>\n\t\t\t\t\t\t<\/div>\n\t\t\t\t<\/div>\n\t\t\t\t\t<\/div>\n\t\t<\/div>\n\t\t\t\t\t<\/div>\n\t\t<\/section>\n\t\t<div class=\"elementor-element elementor-element-5811821 e-flex e-con-boxed e-con e-parent\" data-id=\"5811821\" data-element_type=\"container\">\n\t\t\t\t\t<div class=\"e-con-inner\">\n\t\t\t\t<div class=\"elementor-element elementor-element-fb2eb5c elementor-widget elementor-widget-heading\" data-id=\"fb2eb5c\" data-element_type=\"widget\" data-widget_type=\"heading.default\">\n\t\t\t\t<div class=\"elementor-widget-container\">\n\t\t\t\t\t<h2 class=\"elementor-heading-title elementor-size-default\">Dra. Ericka Vargas Quevedo<\/h2>\t\t\t\t<\/div>\n\t\t\t\t<\/div>\n\t\t\t\t\t<\/div>\n\t\t\t\t<\/div>\n\t\t\t\t<\/div>","protected":false},"excerpt":{"rendered":"<p>Dra. Ericka Vargas Quevedo Dra. Ericka Vargas Quevedo Inicio Dra. Ericka Vargas Quevedo Dra. Ericka Vargas QuevedoEs M\u00e9dico Pediatra Internista (Instituto Nacional de Pediatr\u00eda)Maestria en Ciencias de la Salud y Especializacion en Investigaci\u00f3n (Instituto Polit\u00e9cnico Nacional)Master Universitario en Enfermedades Metabolicas Hereditarias (Universidad de Santiago de Compostela).Master en Enfermedades de Dep\u00f3sito Lisosomal (Unidad de Investigaci\u00f3n Traslacional,<\/p>","protected":false},"author":2,"featured_media":0,"parent":0,"menu_order":0,"comment_status":"closed","ping_status":"closed","template":"elementor_header_footer","meta":{"_acf_changed":false,"footnotes":""},"class_list":["post-2008","page","type-page","status-publish","hentry"],"acf":[],"_links":{"self":[{"href":"https:\/\/asipagac.com\/en\/wp-json\/wp\/v2\/pages\/2008","targetHints":{"allow":["GET"]}}],"collection":[{"href":"https:\/\/asipagac.com\/en\/wp-json\/wp\/v2\/pages"}],"about":[{"href":"https:\/\/asipagac.com\/en\/wp-json\/wp\/v2\/types\/page"}],"author":[{"embeddable":true,"href":"https:\/\/asipagac.com\/en\/wp-json\/wp\/v2\/users\/2"}],"replies":[{"embeddable":true,"href":"https:\/\/asipagac.com\/en\/wp-json\/wp\/v2\/comments?post=2008"}],"version-history":[{"count":6,"href":"https:\/\/asipagac.com\/en\/wp-json\/wp\/v2\/pages\/2008\/revisions"}],"predecessor-version":[{"id":2016,"href":"https:\/\/asipagac.com\/en\/wp-json\/wp\/v2\/pages\/2008\/revisions\/2016"}],"wp:attachment":[{"href":"https:\/\/asipagac.com\/en\/wp-json\/wp\/v2\/media?parent=2008"}],"curies":[{"name":"wp","href":"https:\/\/api.w.org\/{rel}","templated":true}]}}