{"id":1714,"date":"2025-02-25T13:41:16","date_gmt":"2025-02-25T19:41:16","guid":{"rendered":"https:\/\/asipagac.com\/?page_id=1714"},"modified":"2025-02-25T13:49:37","modified_gmt":"2025-02-25T19:49:37","slug":"rafael-mendoza-aguilar","status":"publish","type":"page","link":"https:\/\/asipagac.com\/en\/rafael-mendoza-aguilar\/","title":{"rendered":"Rafael Mendoza Aguilar"},"content":{"rendered":"<div data-elementor-type=\"wp-page\" data-elementor-id=\"1714\" class=\"elementor elementor-1714\">\n\t\t\t\t<div class=\"elementor-element elementor-element-096f19f e-con-full e-flex e-con e-parent\" data-id=\"096f19f\" data-element_type=\"container\">\n\t\t\t\t<div class=\"elementor-element elementor-element-8e30c5c el-align-center elementor-widget elementor-widget-dl_page_header\" data-id=\"8e30c5c\" data-element_type=\"widget\" data-widget_type=\"dl_page_header.default\">\n\t\t\t\t<div class=\"elementor-widget-container\">\n\t\t\t\t\t\t\t<div class=\"el-page-header\">\r\n\t\t\t\t\t\t<div class=\"container-fluid\">\r\n\t\t\t\t<div class=\"el-ph-content\">\r\n\t\t\t\t\t<h2>Rafael Mendoza Aguilar<\/h2>\t\t\t\t\t\t\t\t\t\t\t\t\t\t\t<ol class=\"breadcrumb-wrap\">\r\n\t\t\t\t\t\t<li><a href=\"https:\/\/asipagac.com\/en\/\">\r\n\t\t\t\t\t\t<i class=\"ti-home\"><\/i>Home\t\t\t\t\t\t<\/a><\/li>\r\n\t\t\t\t\t\t<li class=\"active\">\r\n\t\t\t\t\t\tRafael Mendoza Aguilar\t\t\t\t\t\t<\/li>\r\n\t\t\t\t\t<\/ol>\r\n\t\t\t\t\t\t\t\t\t<\/div>\r\n\t\t\t<\/div>\r\n\t\t<\/div>\r\n\t\t\t\t\t\t<\/div>\n\t\t\t\t<\/div>\n\t\t\t\t<\/div>\n\t\t<div class=\"elementor-element elementor-element-44a4c90 e-flex e-con-boxed e-con e-parent\" data-id=\"44a4c90\" data-element_type=\"container\">\n\t\t\t\t\t<div class=\"e-con-inner\">\n\t\t<div class=\"elementor-element elementor-element-cde6b19 e-con-full e-flex e-con e-child\" data-id=\"cde6b19\" data-element_type=\"container\">\n\t\t\t\t<div class=\"elementor-element elementor-element-8c29792 elementor-widget elementor-widget-image\" data-id=\"8c29792\" data-element_type=\"widget\" data-widget_type=\"image.default\">\n\t\t\t\t<div class=\"elementor-widget-container\">\n\t\t\t\t\t\t\t\t\t\t\t\t\t\t\t<img fetchpriority=\"high\" decoding=\"async\" width=\"768\" height=\"768\" src=\"https:\/\/asipagac.com\/wp-content\/uploads\/2024\/11\/SOCIOFUNDADOR-768x768.jpeg\" class=\"attachment-medium_large size-medium_large wp-image-487\" alt=\"\" srcset=\"https:\/\/asipagac.com\/wp-content\/uploads\/2024\/11\/SOCIOFUNDADOR-768x768.jpeg 768w, https:\/\/asipagac.com\/wp-content\/uploads\/2024\/11\/SOCIOFUNDADOR-300x300.jpeg 300w, https:\/\/asipagac.com\/wp-content\/uploads\/2024\/11\/elementor\/thumbs\/SOCIOFUNDADOR-qxb6u1zj2qscbh8gstujpoc05rypmiob2lmtu8opog.jpeg 1024w, https:\/\/asipagac.com\/wp-content\/uploads\/2024\/11\/SOCIOFUNDADOR-150x150.jpeg 150w, https:\/\/asipagac.com\/wp-content\/uploads\/2024\/11\/SOCIOFUNDADOR-1536x1536.jpeg 1536w, https:\/\/asipagac.com\/wp-content\/uploads\/2024\/11\/SOCIOFUNDADOR.jpeg 1600w\" sizes=\"(max-width: 768px) 100vw, 768px\" \/>\t\t\t\t\t\t\t\t\t\t\t\t\t\t\t<\/div>\n\t\t\t\t<\/div>\n\t\t\t\t<\/div>\n\t\t<div class=\"elementor-element elementor-element-aadb564 e-con-full e-flex e-con e-child\" data-id=\"aadb564\" data-element_type=\"container\">\n\t\t\t\t<div class=\"elementor-element elementor-element-facd52e elementor-widget elementor-widget-text-editor\" data-id=\"facd52e\" data-element_type=\"widget\" data-widget_type=\"text-editor.default\">\n\t\t\t\t<div class=\"elementor-widget-container\">\n\t\t\t\t\t\t\t\t\t<p>Mi participaci\u00f3n en la asociaci\u00f3n es lograr la tranquilidad y seguridad que requieren las personas y empresas que se acerquen a la organizaci\u00f3n, de que los recursos materiales y financieros que se logren obtener, ser\u00e1n canalizados al logro del fin com\u00fan de los afectados por la Aciduria Glut\u00e1rica.<\/p><p><br><\/p>\n<p><\/p>\n<p>Mi compromiso es cuidar y responder a la asociaci\u00f3n, sus integrantes, colaboradores, donantes y toda aquella persona que se acerque a apoyar o a recibir apoyo, tengan la seguridad qu\u00e9 desde el \u00e1mbito financiero, contable, legal y fiscal, nuestra asociaci\u00f3n caminar\u00e1 conforme lo establecen las normas contables, financieras, legales y de \u00e9tica, para que se desarrolle, crezca y permanezca en la sociedad para apoyar a todas las personas que requieran de atenci\u00f3n u orientaci\u00f3n de la Aciduria Glut\u00e1rica.<\/p><p><br><\/p>\n<p><\/p>\n<p>Me siento profundamente agradecido en que me hayan invitado a participar en este proyecto en beneficio de la sociedad y de todos aquellos que han sido afectados por la Aciduria Glut\u00e1rica y enfermedades raras.<\/p><p><br><\/p>\n<p>Mis valores se alinean, con ser emp\u00e1tico y actuar con respeto a las personas, perseverar en el avance en el crecimiento de la asociaci\u00f3n, con paso firme y con el cumplimiento de normatividad, privilegiando la transparencia y colaborando con compromiso en lo que nos corresponde dentro de la asociaci\u00f3n.<\/p>\t\t\t\t\t\t\t\t<\/div>\n\t\t\t\t<\/div>\n\t\t\t\t<\/div>\n\t\t\t\t\t<\/div>\n\t\t\t\t<\/div>\n\t\t<div class=\"elementor-element elementor-element-ff349e3 e-flex e-con-boxed e-con e-parent\" data-id=\"ff349e3\" data-element_type=\"container\">\n\t\t\t\t\t<div class=\"e-con-inner\">\n\t\t\t\t\t<\/div>\n\t\t\t\t<\/div>\n\t\t\t\t<section class=\"elementor-section elementor-top-section elementor-element elementor-element-1144fd5 elementor-section-boxed elementor-section-height-default elementor-section-height-default\" data-id=\"1144fd5\" data-element_type=\"section\">\n\t\t\t\t\t\t<div class=\"elementor-container elementor-column-gap-default\">\n\t\t\t\t\t<div class=\"elementor-column elementor-col-100 elementor-top-column elementor-element elementor-element-f15ab5e\" data-id=\"f15ab5e\" data-element_type=\"column\">\n\t\t\t<div class=\"elementor-widget-wrap elementor-element-populated\">\n\t\t\t\t\t\t<div class=\"elementor-element elementor-element-ce2cea5 elementor-widget elementor-widget-image-carousel\" data-id=\"ce2cea5\" data-element_type=\"widget\" data-settings=\"{&quot;slides_to_show&quot;:&quot;3&quot;,&quot;slides_to_show_tablet&quot;:&quot;4&quot;,&quot;slides_to_show_mobile&quot;:&quot;2&quot;,&quot;navigation&quot;:&quot;none&quot;,&quot;autoplay&quot;:&quot;yes&quot;,&quot;pause_on_hover&quot;:&quot;yes&quot;,&quot;pause_on_interaction&quot;:&quot;yes&quot;,&quot;autoplay_speed&quot;:5000,&quot;speed&quot;:500}\" data-widget_type=\"image-carousel.default\">\n\t\t\t\t<div class=\"elementor-widget-container\">\n\t\t\t\t\t\t\t<div class=\"elementor-image-carousel-wrapper swiper\" role=\"region\" aria-roledescription=\"carousel\" aria-label=\"Image Carousel\" dir=\"ltr\">\n\t\t\t<div class=\"elementor-image-carousel swiper-wrapper\" aria-live=\"off\">\n\t\t\t\t\t\t\t\t<div class=\"swiper-slide\" role=\"group\" aria-roledescription=\"slide\" aria-label=\"1 de 3\"><figure class=\"swiper-slide-inner\"><img decoding=\"async\" class=\"swiper-slide-image\" src=\"https:\/\/asipagac.com\/wp-content\/uploads\/2025\/02\/Familiasga_logo-01-e1740108068810.png\" alt=\"Familiasga_logo-01\" \/><\/figure><\/div><div class=\"swiper-slide\" role=\"group\" aria-roledescription=\"slide\" aria-label=\"2 de 3\"><figure class=\"swiper-slide-inner\"><img decoding=\"async\" class=\"swiper-slide-image\" src=\"https:\/\/asipagac.com\/wp-content\/uploads\/2025\/02\/465606573_547089671401350_5904910507662795866_n-150x150.jpg\" alt=\"465606573_547089671401350_5904910507662795866_n\" \/><\/figure><\/div><div class=\"swiper-slide\" role=\"group\" aria-roledescription=\"slide\" aria-label=\"3 de 3\"><figure class=\"swiper-slide-inner\"><img decoding=\"async\" class=\"swiper-slide-image\" src=\"https:\/\/asipagac.com\/wp-content\/uploads\/2025\/02\/inp_logo.png\" alt=\"inp_logo\" \/><\/figure><\/div>\t\t\t<\/div>\n\t\t\t\t\t\t\t\n\t\t\t\t\t\t\t\t\t<\/div>\n\t\t\t\t\t\t<\/div>\n\t\t\t\t<\/div>\n\t\t\t\t\t<\/div>\n\t\t<\/div>\n\t\t\t\t\t<\/div>\n\t\t<\/section>\n\t\t\t\t<\/div>","protected":false},"excerpt":{"rendered":"<p>Rafael Mendoza Aguilar Inicio Rafael Mendoza Aguilar Mi participaci\u00f3n en la asociaci\u00f3n es lograr la tranquilidad y seguridad que requieren las personas y empresas que se acerquen a la organizaci\u00f3n, de que los recursos materiales y financieros que se logren obtener, ser\u00e1n canalizados al logro del fin com\u00fan de los afectados por la Aciduria Glut\u00e1rica.<\/p>","protected":false},"author":2,"featured_media":0,"parent":0,"menu_order":0,"comment_status":"closed","ping_status":"closed","template":"elementor_header_footer","meta":{"_acf_changed":false,"footnotes":""},"class_list":["post-1714","page","type-page","status-publish","hentry"],"acf":[],"_links":{"self":[{"href":"https:\/\/asipagac.com\/en\/wp-json\/wp\/v2\/pages\/1714","targetHints":{"allow":["GET"]}}],"collection":[{"href":"https:\/\/asipagac.com\/en\/wp-json\/wp\/v2\/pages"}],"about":[{"href":"https:\/\/asipagac.com\/en\/wp-json\/wp\/v2\/types\/page"}],"author":[{"embeddable":true,"href":"https:\/\/asipagac.com\/en\/wp-json\/wp\/v2\/users\/2"}],"replies":[{"embeddable":true,"href":"https:\/\/asipagac.com\/en\/wp-json\/wp\/v2\/comments?post=1714"}],"version-history":[{"count":13,"href":"https:\/\/asipagac.com\/en\/wp-json\/wp\/v2\/pages\/1714\/revisions"}],"predecessor-version":[{"id":1730,"href":"https:\/\/asipagac.com\/en\/wp-json\/wp\/v2\/pages\/1714\/revisions\/1730"}],"wp:attachment":[{"href":"https:\/\/asipagac.com\/en\/wp-json\/wp\/v2\/media?parent=1714"}],"curies":[{"name":"wp","href":"https:\/\/api.w.org\/{rel}","templated":true}]}}