{"id":1709,"date":"2025-02-25T13:39:55","date_gmt":"2025-02-25T19:39:55","guid":{"rendered":"https:\/\/asipagac.com\/?page_id=1709"},"modified":"2025-02-25T13:40:16","modified_gmt":"2025-02-25T19:40:16","slug":"armando-islas-sanchez","status":"publish","type":"page","link":"https:\/\/asipagac.com\/en\/armando-islas-sanchez\/","title":{"rendered":"Armando Islands Sanchez"},"content":{"rendered":"<div data-elementor-type=\"wp-page\" data-elementor-id=\"1709\" class=\"elementor elementor-1709\">\n\t\t\t\t<div class=\"elementor-element elementor-element-096f19f e-con-full e-flex e-con e-parent\" data-id=\"096f19f\" data-element_type=\"container\">\n\t\t\t\t<div class=\"elementor-element elementor-element-8e30c5c el-align-center elementor-widget elementor-widget-dl_page_header\" data-id=\"8e30c5c\" data-element_type=\"widget\" data-widget_type=\"dl_page_header.default\">\n\t\t\t\t<div class=\"elementor-widget-container\">\n\t\t\t\t\t\t\t<div class=\"el-page-header\">\r\n\t\t\t\t\t\t<div class=\"container-fluid\">\r\n\t\t\t\t<div class=\"el-ph-content\">\r\n\t\t\t\t\t<h2>Armando Islands Sanchez<\/h2>\t\t\t\t\t\t\t\t\t\t\t\t\t\t\t<ol class=\"breadcrumb-wrap\">\r\n\t\t\t\t\t\t<li><a href=\"https:\/\/asipagac.com\/en\/\">\r\n\t\t\t\t\t\t<i class=\"ti-home\"><\/i>Home\t\t\t\t\t\t<\/a><\/li>\r\n\t\t\t\t\t\t<li class=\"active\">\r\n\t\t\t\t\t\tArmando Islands Sanchez\t\t\t\t\t\t<\/li>\r\n\t\t\t\t\t<\/ol>\r\n\t\t\t\t\t\t\t\t\t<\/div>\r\n\t\t\t<\/div>\r\n\t\t<\/div>\r\n\t\t\t\t\t\t<\/div>\n\t\t\t\t<\/div>\n\t\t\t\t<\/div>\n\t\t<div class=\"elementor-element elementor-element-44a4c90 e-flex e-con-boxed e-con e-parent\" data-id=\"44a4c90\" data-element_type=\"container\">\n\t\t\t\t\t<div class=\"e-con-inner\">\n\t\t<div class=\"elementor-element elementor-element-cde6b19 e-con-full e-flex e-con e-child\" data-id=\"cde6b19\" data-element_type=\"container\">\n\t\t\t\t<div class=\"elementor-element elementor-element-8c29792 elementor-widget elementor-widget-image\" data-id=\"8c29792\" data-element_type=\"widget\" data-widget_type=\"image.default\">\n\t\t\t\t<div class=\"elementor-widget-container\">\n\t\t\t\t\t\t\t\t\t\t\t\t\t\t\t<img fetchpriority=\"high\" decoding=\"async\" width=\"512\" height=\"634\" src=\"https:\/\/asipagac.com\/wp-content\/uploads\/2025\/02\/WhatsApp-Image-2025-02-23-at-1.12.18-PM.jpeg\" class=\"attachment-large size-large wp-image-1650\" alt=\"\" srcset=\"https:\/\/asipagac.com\/wp-content\/uploads\/2025\/02\/WhatsApp-Image-2025-02-23-at-1.12.18-PM.jpeg 512w, https:\/\/asipagac.com\/wp-content\/uploads\/2025\/02\/WhatsApp-Image-2025-02-23-at-1.12.18-PM-242x300.jpeg 242w, https:\/\/asipagac.com\/wp-content\/uploads\/2025\/02\/elementor\/thumbs\/WhatsApp-Image-2025-02-23-at-1.12.18-PM-150x150.jpeg 800w\" sizes=\"(max-width: 512px) 100vw, 512px\" \/>\t\t\t\t\t\t\t\t\t\t\t\t\t\t\t<\/div>\n\t\t\t\t<\/div>\n\t\t\t\t<\/div>\n\t\t<div class=\"elementor-element elementor-element-aadb564 e-con-full e-flex e-con e-child\" data-id=\"aadb564\" data-element_type=\"container\">\n\t\t\t\t<div class=\"elementor-element elementor-element-facd52e elementor-widget elementor-widget-text-editor\" data-id=\"facd52e\" data-element_type=\"widget\" data-widget_type=\"text-editor.default\">\n\t\t\t\t<div class=\"elementor-widget-container\">\n\t\t\t\t\t\t\t\t\t<p>Funge como Vicepresidente, esposo de Valentina, Ingeniero Industrial con m\u00e1s de 30 a\u00f1os de experiencia trabajando para empresas mundiales del \u00e1rea de Alimentos y Bebidas. En los \u00faltimos 15 a\u00f1os ha ocupado cargos internacionales como CPO (Chief Procurement Officer), CISCO (Chief Integrated Supply Chain Officer), COO (Chief Operations Officer) y CEO (Chief Operations Officer) en empresas como Danone, Campari, DeOleo y CocaCola.<br \/>Actualmente dedica una parte importante de su tiempo a la operaci\u00f3n de la Asociaci\u00f3n y a crear v\u00ednculos internacionales para obtener apoyos que contribuyan y a\u00f1adan valor en l\u00ednea con los objetivos de la Asociaci\u00f3n.<\/p>\t\t\t\t\t\t\t\t<\/div>\n\t\t\t\t<\/div>\n\t\t\t\t<\/div>\n\t\t\t\t\t<\/div>\n\t\t\t\t<\/div>\n\t\t<div class=\"elementor-element elementor-element-ff349e3 e-flex e-con-boxed e-con e-parent\" data-id=\"ff349e3\" data-element_type=\"container\">\n\t\t\t\t\t<div class=\"e-con-inner\">\n\t\t\t\t\t<\/div>\n\t\t\t\t<\/div>\n\t\t\t\t<section class=\"elementor-section elementor-top-section elementor-element elementor-element-1144fd5 elementor-section-boxed elementor-section-height-default elementor-section-height-default\" data-id=\"1144fd5\" data-element_type=\"section\">\n\t\t\t\t\t\t<div class=\"elementor-container elementor-column-gap-default\">\n\t\t\t\t\t<div class=\"elementor-column elementor-col-100 elementor-top-column elementor-element elementor-element-f15ab5e\" data-id=\"f15ab5e\" data-element_type=\"column\">\n\t\t\t<div class=\"elementor-widget-wrap elementor-element-populated\">\n\t\t\t\t\t\t<div class=\"elementor-element elementor-element-ce2cea5 elementor-widget elementor-widget-image-carousel\" data-id=\"ce2cea5\" data-element_type=\"widget\" data-settings=\"{&quot;slides_to_show&quot;:&quot;3&quot;,&quot;slides_to_show_tablet&quot;:&quot;4&quot;,&quot;slides_to_show_mobile&quot;:&quot;2&quot;,&quot;navigation&quot;:&quot;none&quot;,&quot;autoplay&quot;:&quot;yes&quot;,&quot;pause_on_hover&quot;:&quot;yes&quot;,&quot;pause_on_interaction&quot;:&quot;yes&quot;,&quot;autoplay_speed&quot;:5000,&quot;speed&quot;:500}\" data-widget_type=\"image-carousel.default\">\n\t\t\t\t<div class=\"elementor-widget-container\">\n\t\t\t\t\t\t\t<div class=\"elementor-image-carousel-wrapper swiper\" role=\"region\" aria-roledescription=\"carousel\" aria-label=\"Image Carousel\" dir=\"ltr\">\n\t\t\t<div class=\"elementor-image-carousel swiper-wrapper\" aria-live=\"off\">\n\t\t\t\t\t\t\t\t<div class=\"swiper-slide\" role=\"group\" aria-roledescription=\"slide\" aria-label=\"1 de 3\"><figure class=\"swiper-slide-inner\"><img decoding=\"async\" class=\"swiper-slide-image\" src=\"https:\/\/asipagac.com\/wp-content\/uploads\/2025\/02\/Familiasga_logo-01-e1740108068810.png\" alt=\"Familiasga_logo-01\" \/><\/figure><\/div><div class=\"swiper-slide\" role=\"group\" aria-roledescription=\"slide\" aria-label=\"2 de 3\"><figure class=\"swiper-slide-inner\"><img decoding=\"async\" class=\"swiper-slide-image\" src=\"https:\/\/asipagac.com\/wp-content\/uploads\/2025\/02\/465606573_547089671401350_5904910507662795866_n-150x150.jpg\" alt=\"465606573_547089671401350_5904910507662795866_n\" \/><\/figure><\/div><div class=\"swiper-slide\" role=\"group\" aria-roledescription=\"slide\" aria-label=\"3 de 3\"><figure class=\"swiper-slide-inner\"><img decoding=\"async\" class=\"swiper-slide-image\" src=\"https:\/\/asipagac.com\/wp-content\/uploads\/2025\/02\/inp_logo.png\" alt=\"inp_logo\" \/><\/figure><\/div>\t\t\t<\/div>\n\t\t\t\t\t\t\t\n\t\t\t\t\t\t\t\t\t<\/div>\n\t\t\t\t\t\t<\/div>\n\t\t\t\t<\/div>\n\t\t\t\t\t<\/div>\n\t\t<\/div>\n\t\t\t\t\t<\/div>\n\t\t<\/section>\n\t\t\t\t<\/div>","protected":false},"excerpt":{"rendered":"<p>Armando Islas Sanchez Inicio Armando Islas Sanchez Funge como Vicepresidente, esposo de Valentina, Ingeniero Industrial con m\u00e1s de 30 a\u00f1os de experiencia trabajando para empresas mundiales del \u00e1rea de Alimentos y Bebidas. En los \u00faltimos 15 a\u00f1os ha ocupado cargos internacionales como CPO (Chief Procurement Officer), CISCO (Chief Integrated Supply Chain Officer), COO (Chief Operations<\/p>","protected":false},"author":2,"featured_media":0,"parent":0,"menu_order":0,"comment_status":"closed","ping_status":"closed","template":"elementor_header_footer","meta":{"_acf_changed":false,"footnotes":""},"class_list":["post-1709","page","type-page","status-publish","hentry"],"acf":[],"_links":{"self":[{"href":"https:\/\/asipagac.com\/en\/wp-json\/wp\/v2\/pages\/1709","targetHints":{"allow":["GET"]}}],"collection":[{"href":"https:\/\/asipagac.com\/en\/wp-json\/wp\/v2\/pages"}],"about":[{"href":"https:\/\/asipagac.com\/en\/wp-json\/wp\/v2\/types\/page"}],"author":[{"embeddable":true,"href":"https:\/\/asipagac.com\/en\/wp-json\/wp\/v2\/users\/2"}],"replies":[{"embeddable":true,"href":"https:\/\/asipagac.com\/en\/wp-json\/wp\/v2\/comments?post=1709"}],"version-history":[{"count":4,"href":"https:\/\/asipagac.com\/en\/wp-json\/wp\/v2\/pages\/1709\/revisions"}],"predecessor-version":[{"id":1713,"href":"https:\/\/asipagac.com\/en\/wp-json\/wp\/v2\/pages\/1709\/revisions\/1713"}],"wp:attachment":[{"href":"https:\/\/asipagac.com\/en\/wp-json\/wp\/v2\/media?parent=1709"}],"curies":[{"name":"wp","href":"https:\/\/api.w.org\/{rel}","templated":true}]}}