{"id":1688,"date":"2025-02-25T13:19:46","date_gmt":"2025-02-25T19:19:46","guid":{"rendered":"https:\/\/asipagac.com\/?page_id=1688"},"modified":"2025-02-25T13:20:48","modified_gmt":"2025-02-25T19:20:48","slug":"dra-sara-guillen-lopez","status":"publish","type":"page","link":"https:\/\/asipagac.com\/en\/dra-sara-guillen-lopez\/","title":{"rendered":"Dr. Sara Guill\u00e9n L\u00f3pez"},"content":{"rendered":"<div data-elementor-type=\"wp-page\" data-elementor-id=\"1688\" class=\"elementor elementor-1688\">\n\t\t\t\t<div class=\"elementor-element elementor-element-096f19f e-con-full e-flex e-con e-parent\" data-id=\"096f19f\" data-element_type=\"container\">\n\t\t\t\t<div class=\"elementor-element elementor-element-8e30c5c el-align-center elementor-widget elementor-widget-dl_page_header\" data-id=\"8e30c5c\" data-element_type=\"widget\" data-widget_type=\"dl_page_header.default\">\n\t\t\t\t<div class=\"elementor-widget-container\">\n\t\t\t\t\t\t\t<div class=\"el-page-header\">\r\n\t\t\t\t\t\t<div class=\"container-fluid\">\r\n\t\t\t\t<div class=\"el-ph-content\">\r\n\t\t\t\t\t<h2>Dr. Sara Guill\u00e9n L\u00f3pez<\/h2>\t\t\t\t\t\t\t\t\t\t\t\t\t\t\t<ol class=\"breadcrumb-wrap\">\r\n\t\t\t\t\t\t<li><a href=\"https:\/\/asipagac.com\/en\/\">\r\n\t\t\t\t\t\t<i class=\"ti-home\"><\/i>Home\t\t\t\t\t\t<\/a><\/li>\r\n\t\t\t\t\t\t<li class=\"active\">\r\n\t\t\t\t\t\tDr. Sara Guill\u00e9n L\u00f3pez\t\t\t\t\t\t<\/li>\r\n\t\t\t\t\t<\/ol>\r\n\t\t\t\t\t\t\t\t\t<\/div>\r\n\t\t\t<\/div>\r\n\t\t<\/div>\r\n\t\t\t\t\t\t<\/div>\n\t\t\t\t<\/div>\n\t\t\t\t<\/div>\n\t\t<div class=\"elementor-element elementor-element-44a4c90 e-flex e-con-boxed e-con e-parent\" data-id=\"44a4c90\" data-element_type=\"container\">\n\t\t\t\t\t<div class=\"e-con-inner\">\n\t\t<div class=\"elementor-element elementor-element-cde6b19 e-con-full e-flex e-con e-child\" data-id=\"cde6b19\" data-element_type=\"container\">\n\t\t\t\t<div class=\"elementor-element elementor-element-8c29792 elementor-widget elementor-widget-image\" data-id=\"8c29792\" data-element_type=\"widget\" data-widget_type=\"image.default\">\n\t\t\t\t<div class=\"elementor-widget-container\">\n\t\t\t\t\t\t\t\t\t\t\t\t\t\t\t<img decoding=\"async\" src=\"https:\/\/asipagac.com\/wp-content\/uploads\/elementor\/thumbs\/unnamed-r2bz184vvicrle2m13o5fg9i0nm9dxf3rtrvbysl8o.jpg\" title=\"unnamed\" alt=\"unnamed\" loading=\"lazy\" \/>\t\t\t\t\t\t\t\t\t\t\t\t\t\t\t<\/div>\n\t\t\t\t<\/div>\n\t\t\t\t<\/div>\n\t\t<div class=\"elementor-element elementor-element-aadb564 e-con-full e-flex e-con e-child\" data-id=\"aadb564\" data-element_type=\"container\">\n\t\t\t\t<div class=\"elementor-element elementor-element-facd52e elementor-widget elementor-widget-text-editor\" data-id=\"facd52e\" data-element_type=\"widget\" data-widget_type=\"text-editor.default\">\n\t\t\t\t<div class=\"elementor-widget-container\">\n\t\t\t\t\t\t\t\t\t<p>Sara Guill\u00e9n L\u00f3pez es Maestra en nutrici\u00f3n Aplicada por la Universidad Iberoamericana y Licenciada en Nutrici\u00f3n y Diet\u00e9tica por la Escuela de Diet\u00e9tica y Nutrici\u00f3n del ISSSTE. Tiene una especialidad en errores innatos del metabolismo, especialidad en Nutrici\u00f3n cl\u00ednica pedi\u00e1trica por el Hospital Infantil Federico G\u00f3mez y otra especialidad en Obesidad y comorbilidades por la Universidad Iberoamericana. Actualmente se desempe\u00f1a como Investigador en Ciencias m\u00e9dicas en el Instituto Nacional de Pediatr\u00eda, tiene 16 a\u00f1os de experiencia en el manejo y tratamiento de pacientes con Errores innatos del metabolismo. Ha participado en la realizaci\u00f3n de art\u00edculos cient\u00edficos, lineamientos t\u00e9cnicos, cap\u00edtulos de libros as\u00ed como tambi\u00e9n ha impartido pl\u00e1ticas a nivel nacional e internacional.<\/p>\t\t\t\t\t\t\t\t<\/div>\n\t\t\t\t<\/div>\n\t\t\t\t<\/div>\n\t\t\t\t\t<\/div>\n\t\t\t\t<\/div>\n\t\t<div class=\"elementor-element elementor-element-ff349e3 e-flex e-con-boxed e-con e-parent\" data-id=\"ff349e3\" data-element_type=\"container\">\n\t\t\t\t\t<div class=\"e-con-inner\">\n\t\t\t\t\t<\/div>\n\t\t\t\t<\/div>\n\t\t\t\t<section class=\"elementor-section elementor-top-section elementor-element elementor-element-1144fd5 elementor-section-boxed elementor-section-height-default elementor-section-height-default\" data-id=\"1144fd5\" data-element_type=\"section\">\n\t\t\t\t\t\t<div class=\"elementor-container elementor-column-gap-default\">\n\t\t\t\t\t<div class=\"elementor-column elementor-col-100 elementor-top-column elementor-element elementor-element-f15ab5e\" data-id=\"f15ab5e\" data-element_type=\"column\">\n\t\t\t<div class=\"elementor-widget-wrap elementor-element-populated\">\n\t\t\t\t\t\t<div class=\"elementor-element elementor-element-ce2cea5 elementor-widget elementor-widget-image-carousel\" data-id=\"ce2cea5\" data-element_type=\"widget\" data-settings=\"{&quot;slides_to_show&quot;:&quot;3&quot;,&quot;slides_to_show_tablet&quot;:&quot;4&quot;,&quot;slides_to_show_mobile&quot;:&quot;2&quot;,&quot;navigation&quot;:&quot;none&quot;,&quot;autoplay&quot;:&quot;yes&quot;,&quot;pause_on_hover&quot;:&quot;yes&quot;,&quot;pause_on_interaction&quot;:&quot;yes&quot;,&quot;autoplay_speed&quot;:5000,&quot;speed&quot;:500}\" data-widget_type=\"image-carousel.default\">\n\t\t\t\t<div class=\"elementor-widget-container\">\n\t\t\t\t\t\t\t<div class=\"elementor-image-carousel-wrapper swiper\" role=\"region\" aria-roledescription=\"carousel\" aria-label=\"Image Carousel\" dir=\"ltr\">\n\t\t\t<div class=\"elementor-image-carousel swiper-wrapper\" aria-live=\"off\">\n\t\t\t\t\t\t\t\t<div class=\"swiper-slide\" role=\"group\" aria-roledescription=\"slide\" aria-label=\"1 of 3\" data-no-translation-aria-label=\"\"><figure class=\"swiper-slide-inner\"><img decoding=\"async\" class=\"swiper-slide-image\" src=\"https:\/\/asipagac.com\/wp-content\/uploads\/2025\/02\/Familiasga_logo-01-e1740108068810.png\" alt=\"Familiasga_logo-01\" \/><\/figure><\/div><div class=\"swiper-slide\" role=\"group\" aria-roledescription=\"slide\" aria-label=\"2 of 3\" data-no-translation-aria-label=\"\"><figure class=\"swiper-slide-inner\"><img decoding=\"async\" class=\"swiper-slide-image\" src=\"https:\/\/asipagac.com\/wp-content\/uploads\/2025\/02\/465606573_547089671401350_5904910507662795866_n-150x150.jpg\" alt=\"465606573_547089671401350_5904910507662795866_n\" \/><\/figure><\/div><div class=\"swiper-slide\" role=\"group\" aria-roledescription=\"slide\" aria-label=\"3 of 3\" data-no-translation-aria-label=\"\"><figure class=\"swiper-slide-inner\"><img decoding=\"async\" class=\"swiper-slide-image\" src=\"https:\/\/asipagac.com\/wp-content\/uploads\/2025\/02\/inp_logo.png\" alt=\"inp_logo\" \/><\/figure><\/div>\t\t\t<\/div>\n\t\t\t\t\t\t\t\n\t\t\t\t\t\t\t\t\t<\/div>\n\t\t\t\t\t\t<\/div>\n\t\t\t\t<\/div>\n\t\t\t\t\t<\/div>\n\t\t<\/div>\n\t\t\t\t\t<\/div>\n\t\t<\/section>\n\t\t\t\t<\/div>","protected":false},"excerpt":{"rendered":"<p>Dra. Sara Guill\u00e9n L\u00f3pez Inicio Dra. Sara Guill\u00e9n L\u00f3pez Sara Guill\u00e9n L\u00f3pez es Maestra en nutrici\u00f3n Aplicada por la Universidad Iberoamericana y Licenciada en Nutrici\u00f3n y Diet\u00e9tica por la Escuela de Diet\u00e9tica y Nutrici\u00f3n del ISSSTE. Tiene una especialidad en errores innatos del metabolismo, especialidad en Nutrici\u00f3n cl\u00ednica pedi\u00e1trica por el Hospital Infantil Federico G\u00f3mez<\/p>","protected":false},"author":2,"featured_media":0,"parent":0,"menu_order":0,"comment_status":"closed","ping_status":"closed","template":"elementor_header_footer","meta":{"_acf_changed":false,"footnotes":""},"class_list":["post-1688","page","type-page","status-publish","hentry"],"acf":[],"_links":{"self":[{"href":"https:\/\/asipagac.com\/en\/wp-json\/wp\/v2\/pages\/1688","targetHints":{"allow":["GET"]}}],"collection":[{"href":"https:\/\/asipagac.com\/en\/wp-json\/wp\/v2\/pages"}],"about":[{"href":"https:\/\/asipagac.com\/en\/wp-json\/wp\/v2\/types\/page"}],"author":[{"embeddable":true,"href":"https:\/\/asipagac.com\/en\/wp-json\/wp\/v2\/users\/2"}],"replies":[{"embeddable":true,"href":"https:\/\/asipagac.com\/en\/wp-json\/wp\/v2\/comments?post=1688"}],"version-history":[{"count":4,"href":"https:\/\/asipagac.com\/en\/wp-json\/wp\/v2\/pages\/1688\/revisions"}],"predecessor-version":[{"id":1692,"href":"https:\/\/asipagac.com\/en\/wp-json\/wp\/v2\/pages\/1688\/revisions\/1692"}],"wp:attachment":[{"href":"https:\/\/asipagac.com\/en\/wp-json\/wp\/v2\/media?parent=1688"}],"curies":[{"name":"wp","href":"https:\/\/api.w.org\/{rel}","templated":true}]}}