{"id":1673,"date":"2025-02-25T13:13:45","date_gmt":"2025-02-25T19:13:45","guid":{"rendered":"https:\/\/asipagac.com\/?page_id=1673"},"modified":"2025-06-11T19:25:01","modified_gmt":"2025-06-12T01:25:01","slug":"dr-juan-carlos-zenteno","status":"publish","type":"page","link":"https:\/\/asipagac.com\/en\/dr-juan-carlos-zenteno\/","title":{"rendered":"Dr. Juan Carlos Zenteno R \/ Dra. Vianey Ord\u00f3\u00f1ez"},"content":{"rendered":"<div data-elementor-type=\"wp-page\" data-elementor-id=\"1673\" class=\"elementor elementor-1673\">\n\t\t\t\t<div class=\"elementor-element elementor-element-44a4c90 e-flex e-con-boxed e-con e-parent\" data-id=\"44a4c90\" data-element_type=\"container\">\n\t\t\t\t\t<div class=\"e-con-inner\">\n\t\t<div class=\"elementor-element elementor-element-cde6b19 e-con-full e-flex e-con e-child\" data-id=\"cde6b19\" data-element_type=\"container\">\n\t\t\t\t<div class=\"elementor-element elementor-element-8c29792 elementor-widget elementor-widget-image\" data-id=\"8c29792\" data-element_type=\"widget\" data-widget_type=\"image.default\">\n\t\t\t\t<div class=\"elementor-widget-container\">\n\t\t\t\t\t\t\t\t\t\t\t\t\t\t\t<img fetchpriority=\"high\" decoding=\"async\" width=\"210\" height=\"300\" src=\"https:\/\/asipagac.com\/wp-content\/uploads\/2025\/03\/Logos1-01-210x300.png\" class=\"attachment-medium size-medium wp-image-1962\" alt=\"\" srcset=\"https:\/\/asipagac.com\/wp-content\/uploads\/2025\/03\/Logos1-01-210x300.png 210w, https:\/\/asipagac.com\/wp-content\/uploads\/2025\/03\/Logos1-01-717x1024.png 717w, https:\/\/asipagac.com\/wp-content\/uploads\/2025\/03\/Logos1-01-768x1096.png 768w, https:\/\/asipagac.com\/wp-content\/uploads\/2025\/03\/Logos1-01.png 800w\" sizes=\"(max-width: 210px) 100vw, 210px\" \/>\t\t\t\t\t\t\t\t\t\t\t\t\t\t\t<\/div>\n\t\t\t\t<\/div>\n\t\t\t\t<\/div>\n\t\t<div class=\"elementor-element elementor-element-aadb564 e-con-full e-flex e-con e-child\" data-id=\"aadb564\" data-element_type=\"container\">\n\t\t\t\t<div class=\"elementor-element elementor-element-facd52e elementor-widget elementor-widget-text-editor\" data-id=\"facd52e\" data-element_type=\"widget\" data-widget_type=\"text-editor.default\">\n\t\t\t\t<div class=\"elementor-widget-container\">\n\t\t\t\t\t\t\t\t\t<p>la Unidad de Diagn\u00f3stico de Enfermedades Raras (UDER), es el primer Centro Nacional Especializado, enfocado en la evaluaci\u00f3n y el diagn\u00f3stico personalizado del paciente con enfermedades raras.<\/p><p><br \/>La UDER cuenta con m\u00e9dicos especialistas con amplia experiencia en diagn\u00f3stico cl\u00ednico y gen\u00e9tico de este tipo de enfermedades y desarrolla adem\u00e1s actividades de Servicio, Investigaci\u00f3n y Docencia en esta \u00e1rea.<\/p><p><br \/>La Unidad es dependiente de la Divisi\u00f3n de Investigaci\u00f3n de la Facultad de Medicina de la Universidad Nacional Aut\u00f3noma de M\u00e9xico.<\/p>\t\t\t\t\t\t\t\t<\/div>\n\t\t\t\t<\/div>\n\t\t\t\t<\/div>\n\t\t\t\t\t<\/div>\n\t\t\t\t<\/div>\n\t\t<div class=\"elementor-element elementor-element-ff349e3 e-flex e-con-boxed e-con e-parent\" data-id=\"ff349e3\" data-element_type=\"container\">\n\t\t\t\t\t<div class=\"e-con-inner\">\n\t\t\t\t\t<\/div>\n\t\t\t\t<\/div>\n\t\t\t\t<section class=\"elementor-section elementor-top-section elementor-element elementor-element-1144fd5 elementor-section-boxed elementor-section-height-default elementor-section-height-default\" data-id=\"1144fd5\" data-element_type=\"section\">\n\t\t\t\t\t\t<div class=\"elementor-container elementor-column-gap-default\">\n\t\t\t\t\t<div class=\"elementor-column elementor-col-100 elementor-top-column elementor-element elementor-element-f15ab5e\" data-id=\"f15ab5e\" data-element_type=\"column\">\n\t\t\t<div class=\"elementor-widget-wrap elementor-element-populated\">\n\t\t\t\t\t\t<div class=\"elementor-element elementor-element-ce2cea5 elementor-widget elementor-widget-image-carousel\" data-id=\"ce2cea5\" data-element_type=\"widget\" data-settings=\"{&quot;slides_to_show&quot;:&quot;3&quot;,&quot;slides_to_show_tablet&quot;:&quot;4&quot;,&quot;slides_to_show_mobile&quot;:&quot;2&quot;,&quot;navigation&quot;:&quot;none&quot;,&quot;autoplay&quot;:&quot;yes&quot;,&quot;pause_on_hover&quot;:&quot;yes&quot;,&quot;pause_on_interaction&quot;:&quot;yes&quot;,&quot;autoplay_speed&quot;:5000,&quot;speed&quot;:500}\" data-widget_type=\"image-carousel.default\">\n\t\t\t\t<div class=\"elementor-widget-container\">\n\t\t\t\t\t\t\t<div class=\"elementor-image-carousel-wrapper swiper\" role=\"region\" aria-roledescription=\"carousel\" aria-label=\"Image Carousel\" dir=\"ltr\">\n\t\t\t<div class=\"elementor-image-carousel swiper-wrapper\" aria-live=\"off\">\n\t\t\t\t\t\t\t\t<div class=\"swiper-slide\" role=\"group\" aria-roledescription=\"slide\" aria-label=\"1 de 3\"><figure class=\"swiper-slide-inner\"><img decoding=\"async\" class=\"swiper-slide-image\" src=\"https:\/\/asipagac.com\/wp-content\/uploads\/2025\/02\/Familiasga_logo-01-e1740108068810.png\" alt=\"Familiasga_logo-01\" \/><\/figure><\/div><div class=\"swiper-slide\" role=\"group\" aria-roledescription=\"slide\" aria-label=\"2 de 3\"><figure class=\"swiper-slide-inner\"><img decoding=\"async\" class=\"swiper-slide-image\" src=\"https:\/\/asipagac.com\/wp-content\/uploads\/2025\/02\/465606573_547089671401350_5904910507662795866_n-150x150.jpg\" alt=\"465606573_547089671401350_5904910507662795866_n\" \/><\/figure><\/div><div class=\"swiper-slide\" role=\"group\" aria-roledescription=\"slide\" aria-label=\"3 de 3\"><figure class=\"swiper-slide-inner\"><img decoding=\"async\" class=\"swiper-slide-image\" src=\"https:\/\/asipagac.com\/wp-content\/uploads\/2025\/02\/inp_logo.png\" alt=\"inp_logo\" \/><\/figure><\/div>\t\t\t<\/div>\n\t\t\t\t\t\t\t\n\t\t\t\t\t\t\t\t\t<\/div>\n\t\t\t\t\t\t<\/div>\n\t\t\t\t<\/div>\n\t\t\t\t\t<\/div>\n\t\t<\/div>\n\t\t\t\t\t<\/div>\n\t\t<\/section>\n\t\t\t\t<\/div>","protected":false},"excerpt":{"rendered":"<p>la Unidad de Diagn\u00f3stico de Enfermedades Raras (UDER), es el primer Centro Nacional Especializado, enfocado en la evaluaci\u00f3n y el diagn\u00f3stico personalizado del paciente con enfermedades raras. La UDER cuenta con m\u00e9dicos especialistas con amplia experiencia en diagn\u00f3stico cl\u00ednico y gen\u00e9tico de este tipo de enfermedades y desarrolla adem\u00e1s actividades de Servicio, Investigaci\u00f3n y Docencia<\/p>","protected":false},"author":2,"featured_media":0,"parent":0,"menu_order":0,"comment_status":"closed","ping_status":"closed","template":"elementor_header_footer","meta":{"_acf_changed":false,"footnotes":""},"class_list":["post-1673","page","type-page","status-publish","hentry"],"acf":[],"_links":{"self":[{"href":"https:\/\/asipagac.com\/en\/wp-json\/wp\/v2\/pages\/1673","targetHints":{"allow":["GET"]}}],"collection":[{"href":"https:\/\/asipagac.com\/en\/wp-json\/wp\/v2\/pages"}],"about":[{"href":"https:\/\/asipagac.com\/en\/wp-json\/wp\/v2\/types\/page"}],"author":[{"embeddable":true,"href":"https:\/\/asipagac.com\/en\/wp-json\/wp\/v2\/users\/2"}],"replies":[{"embeddable":true,"href":"https:\/\/asipagac.com\/en\/wp-json\/wp\/v2\/comments?post=1673"}],"version-history":[{"count":13,"href":"https:\/\/asipagac.com\/en\/wp-json\/wp\/v2\/pages\/1673\/revisions"}],"predecessor-version":[{"id":2057,"href":"https:\/\/asipagac.com\/en\/wp-json\/wp\/v2\/pages\/1673\/revisions\/2057"}],"wp:attachment":[{"href":"https:\/\/asipagac.com\/en\/wp-json\/wp\/v2\/media?parent=1673"}],"curies":[{"name":"wp","href":"https:\/\/api.w.org\/{rel}","templated":true}]}}