{"id":1622,"date":"2025-02-21T11:08:15","date_gmt":"2025-02-21T17:08:15","guid":{"rendered":"https:\/\/asipagac.com\/?page_id=1622"},"modified":"2025-02-21T11:15:10","modified_gmt":"2025-02-21T17:15:10","slug":"fundraising","status":"publish","type":"page","link":"https:\/\/asipagac.com\/en\/fundraising\/","title":{"rendered":"Nuestras campa\u00f1as"},"content":{"rendered":"<div data-elementor-type=\"wp-page\" data-elementor-id=\"1622\" class=\"elementor elementor-1622\">\n\t\t\t\t\t\t<section class=\"elementor-section elementor-top-section elementor-element elementor-element-651bee56 elementor-section-stretched elementor-section-full_width elementor-section-height-default elementor-section-height-default\" data-id=\"651bee56\" data-element_type=\"section\" data-settings=\"{&quot;stretch_section&quot;:&quot;section-stretched&quot;}\">\n\t\t\t\t\t\t<div class=\"elementor-container elementor-column-gap-no\">\n\t\t\t\t\t<div class=\"elementor-column elementor-col-100 elementor-top-column elementor-element elementor-element-7d8726b7\" data-id=\"7d8726b7\" data-element_type=\"column\">\n\t\t\t<div class=\"elementor-widget-wrap elementor-element-populated\">\n\t\t\t\t\t\t<div class=\"elementor-element elementor-element-7367ff96 el-align-center elementor-widget elementor-widget-dl_page_header\" data-id=\"7367ff96\" data-element_type=\"widget\" data-widget_type=\"dl_page_header.default\">\n\t\t\t\t<div class=\"elementor-widget-container\">\n\t\t\t\t\t\t\t<div class=\"el-page-header\">\r\n\t\t\t<div class=\"overlay\"><\/div>\t\t\t<div class=\"container\">\r\n\t\t\t\t<div class=\"el-ph-content\">\r\n\t\t\t\t\t<h2 >Nuestras campa\u00f1as en curso<\/h2>\t\t\t\t\t<p >Descubre nuestras donaciones en curso y c\u00f3mo tu apoyo <br> puede marcar la diferencia en la vida de quienes m\u00e1s lo necesitan<\/p>\t\t\t\t\t\t\t\t\t\t<ol class=\"breadcrumb-wrap\">\r\n\t\t\t\t\t\t<li><a href=\"https:\/\/asipagac.com\/en\/\">\r\n\t\t\t\t\t\t<i class=\"ti-home\"><\/i>Home\t\t\t\t\t\t<\/a><\/li>\r\n\t\t\t\t\t\t<li class=\"active\">\r\n\t\t\t\t\t\tNuestras campa\u00f1as en curso\t\t\t\t\t\t<\/li>\r\n\t\t\t\t\t<\/ol>\r\n\t\t\t\t\t\t\t\t\t<\/div>\r\n\t\t\t<\/div>\r\n\t\t<\/div>\r\n\t\t\t\t\t\t<\/div>\n\t\t\t\t<\/div>\n\t\t\t\t\t<\/div>\n\t\t<\/div>\n\t\t\t\t\t<\/div>\n\t\t<\/section>\n\t\t\t\t<section class=\"elementor-section elementor-top-section elementor-element elementor-element-50ed401d elementor-section-boxed elementor-section-height-default elementor-section-height-default\" data-id=\"50ed401d\" data-element_type=\"section\" data-settings=\"{&quot;background_background&quot;:&quot;classic&quot;}\">\n\t\t\t\t\t\t<div class=\"elementor-container elementor-column-gap-default\">\n\t\t\t\t\t<div class=\"elementor-column elementor-col-100 elementor-top-column elementor-element elementor-element-1cc2e561\" data-id=\"1cc2e561\" data-element_type=\"column\">\n\t\t\t<div class=\"elementor-widget-wrap elementor-element-populated\">\n\t\t\t\t\t\t<section class=\"elementor-section elementor-inner-section elementor-element elementor-element-21629ba4 elementor-section-boxed elementor-section-height-default elementor-section-height-default\" data-id=\"21629ba4\" data-element_type=\"section\">\n\t\t\t\t\t\t<div class=\"elementor-container elementor-column-gap-default\">\n\t\t\t\t\t<div class=\"elementor-column elementor-col-100 elementor-inner-column elementor-element elementor-element-69857e14\" data-id=\"69857e14\" data-element_type=\"column\">\n\t\t\t<div class=\"elementor-widget-wrap elementor-element-populated\">\n\t\t\t\t\t\t<div class=\"elementor-element elementor-element-590a7e96 elementor-widget elementor-widget-dl-donations\" data-id=\"590a7e96\" data-element_type=\"widget\" data-settings=\"{&quot;dl_col_desktop&quot;:&quot;col-lg-4&quot;,&quot;dl_col_tablet&quot;:&quot;col-md-6&quot;,&quot;dl_col_mobile&quot;:&quot;col-sm-6&quot;}\" data-widget_type=\"dl-donations.default\">\n\t\t\t\t<div class=\"elementor-widget-container\">\n\t\t\t\t\t\r\n\t\t\r\n\t\t<div class=\"row donation-list\">\r\n\r\n\t\t\t\t\t\t\t\t<article class=\"donation-item col-lg-4 col-md-6 col-sm-6 post-1804 give_forms type-give_forms status-publish\" id=\"post-1804\">\r\n\t\t\t\t\t\t\t<div class=\"dl-donation-item\">\r\n\t\t\t\t\t<div class=\"donation-thumb\">\r\n\t\t\t\t\t\t<img decoding=\"async\" src=\"https:\/\/asipagac.com\/wp-content\/plugins\/give\/assets\/dist\/images\/give-placeholder.jpg\" alt=\"Placeholder\" \/>\t\t\t\t\t\t<a id=\"give-card-1804\" class=\"give-card donate-btn\" style=\"background-color: \" href=\"https:\/\/asipagac.com\/en\/donations\/compra-de-alimentacion-y-medicacion-especializada\/\">Donate Now<\/a>\t\t\t\t\t\t\t\t\t\t\t<\/div>\r\n\t\t\t\t\t<div class=\"donation-details\">\r\n\t\t\t\t\t\t\t\t\t\t\t<h3><a href=\"https:\/\/asipagac.com\/en\/donations\/compra-de-alimentacion-y-medicacion-especializada\/\">Purchase of Food and Specialized Medication<\/a><\/h3>\r\n\t\t\t\t\t\t\t\t\t\t\t\t\t\t<ul class=\"fund-info\">\r\n\t\t\t\t\t\t<li><i class=\"ti-bar-chart\"><\/i>Goal: &#36;100,000<\/li>\r\n\t\t\t\t\t\t<li><i class=\"ti-thumb-up\"><\/i>Raised: &#36;311<\/li>\r\n\t\t\t\t\t<\/ul>\r\n\t\t\t\t\t\t\t<\/div>\r\n\t\t\t\t<\/div>\r\n\t\t\t\t\t\t\t<\/article>\r\n\t\t\t\t\t\t\t\t\t<article class=\"donation-item col-lg-4 col-md-6 col-sm-6 post-1805 give_forms type-give_forms status-publish\" id=\"post-1805\">\r\n\t\t\t\t\t\t\t<div class=\"dl-donation-item\">\r\n\t\t\t\t\t<div class=\"donation-thumb\">\r\n\t\t\t\t\t\t<img decoding=\"async\" src=\"https:\/\/asipagac.com\/wp-content\/plugins\/give\/assets\/dist\/images\/give-placeholder.jpg\" alt=\"Placeholder\" \/>\t\t\t\t\t\t<a id=\"give-card-1805\" class=\"give-card donate-btn\" style=\"background-color: \" href=\"https:\/\/asipagac.com\/en\/donations\/estudios-de-diagnostico-y-pruebas-de-tamiz-neonatal\/\">Donate Now<\/a>\t\t\t\t\t\t\t\t\t\t\t<\/div>\r\n\t\t\t\t\t<div class=\"donation-details\">\r\n\t\t\t\t\t\t\t\t\t\t\t<h3><a href=\"https:\/\/asipagac.com\/en\/donations\/estudios-de-diagnostico-y-pruebas-de-tamiz-neonatal\/\">Diagnosis and Neonatal screening<\/a><\/h3>\r\n\t\t\t\t\t\t\t\t\t\t\t\t\t\t<ul class=\"fund-info\">\r\n\t\t\t\t\t\t<li><i class=\"ti-bar-chart\"><\/i>Goal: &#36;100,000<\/li>\r\n\t\t\t\t\t\t<li><i class=\"ti-thumb-up\"><\/i>Raised: &#36;100<\/li>\r\n\t\t\t\t\t<\/ul>\r\n\t\t\t\t\t\t\t<\/div>\r\n\t\t\t\t<\/div>\r\n\t\t\t\t\t\t\t<\/article>\r\n\t\t\t\t\t\t\t\t\t<article class=\"donation-item col-lg-4 col-md-6 col-sm-6 post-1806 give_forms type-give_forms status-publish\" id=\"post-1806\">\r\n\t\t\t\t\t\t\t<div class=\"dl-donation-item\">\r\n\t\t\t\t\t<div class=\"donation-thumb\">\r\n\t\t\t\t\t\t<img decoding=\"async\" src=\"https:\/\/asipagac.com\/wp-content\/plugins\/give\/assets\/dist\/images\/give-placeholder.jpg\" alt=\"Placeholder\" \/>\t\t\t\t\t\t<a id=\"give-card-1806\" class=\"give-card donate-btn\" style=\"background-color: \" href=\"https:\/\/asipagac.com\/en\/donations\/tratamientos-y-terapias\/\">Donate Now<\/a>\t\t\t\t\t\t\t\t\t\t\t<\/div>\r\n\t\t\t\t\t<div class=\"donation-details\">\r\n\t\t\t\t\t\t\t\t\t\t\t<h3><a href=\"https:\/\/asipagac.com\/en\/donations\/tratamientos-y-terapias\/\">Treatments and Therapies<\/a><\/h3>\r\n\t\t\t\t\t\t\t\t\t\t\t\t\t\t<ul class=\"fund-info\">\r\n\t\t\t\t\t\t<li><i class=\"ti-bar-chart\"><\/i>Goal: &#36;100,000<\/li>\r\n\t\t\t\t\t\t<li><i class=\"ti-thumb-up\"><\/i>Raised: &#36;200<\/li>\r\n\t\t\t\t\t<\/ul>\r\n\t\t\t\t\t\t\t<\/div>\r\n\t\t\t\t<\/div>\r\n\t\t\t\t\t\t\t<\/article>\r\n\t\t\t\t\t<\/div>\r\n\t\t\t\t\t\t<\/div>\n\t\t\t\t<\/div>\n\t\t\t\t\t<\/div>\n\t\t<\/div>\n\t\t\t\t\t<\/div>\n\t\t<\/section>\n\t\t\t\t\t<\/div>\n\t\t<\/div>\n\t\t\t\t\t<\/div>\n\t\t<\/section>\n\t\t\t\t<section class=\"elementor-section elementor-top-section elementor-element elementor-element-486ecf2 elementor-section-boxed elementor-section-height-default elementor-section-height-default\" data-id=\"486ecf2\" data-element_type=\"section\">\n\t\t\t\t\t\t<div class=\"elementor-container elementor-column-gap-default\">\n\t\t\t\t\t<div class=\"elementor-column elementor-col-100 elementor-top-column elementor-element elementor-element-567fb58\" data-id=\"567fb58\" data-element_type=\"column\">\n\t\t\t<div class=\"elementor-widget-wrap elementor-element-populated\">\n\t\t\t\t\t\t<div class=\"elementor-element elementor-element-1d1d600 elementor-widget elementor-widget-image-carousel\" data-id=\"1d1d600\" data-element_type=\"widget\" data-settings=\"{&quot;slides_to_show&quot;:&quot;3&quot;,&quot;slides_to_show_tablet&quot;:&quot;4&quot;,&quot;slides_to_show_mobile&quot;:&quot;2&quot;,&quot;navigation&quot;:&quot;none&quot;,&quot;autoplay&quot;:&quot;yes&quot;,&quot;pause_on_hover&quot;:&quot;yes&quot;,&quot;pause_on_interaction&quot;:&quot;yes&quot;,&quot;autoplay_speed&quot;:5000,&quot;speed&quot;:500}\" data-widget_type=\"image-carousel.default\">\n\t\t\t\t<div class=\"elementor-widget-container\">\n\t\t\t\t\t\t\t<div class=\"elementor-image-carousel-wrapper swiper\" role=\"region\" aria-roledescription=\"carousel\" aria-label=\"Image Carousel\" dir=\"ltr\">\n\t\t\t<div class=\"elementor-image-carousel swiper-wrapper\" aria-live=\"off\">\n\t\t\t\t\t\t\t\t<div class=\"swiper-slide\" role=\"group\" aria-roledescription=\"slide\" aria-label=\"1 de 3\"><figure class=\"swiper-slide-inner\"><img decoding=\"async\" class=\"swiper-slide-image\" src=\"https:\/\/asipagac.com\/wp-content\/uploads\/2025\/02\/Familiasga_logo-01-e1740108068810.png\" alt=\"Familiasga_logo-01\" \/><\/figure><\/div><div class=\"swiper-slide\" role=\"group\" aria-roledescription=\"slide\" aria-label=\"2 de 3\"><figure class=\"swiper-slide-inner\"><img decoding=\"async\" class=\"swiper-slide-image\" src=\"https:\/\/asipagac.com\/wp-content\/uploads\/2025\/02\/465606573_547089671401350_5904910507662795866_n-150x150.jpg\" alt=\"465606573_547089671401350_5904910507662795866_n\" \/><\/figure><\/div><div class=\"swiper-slide\" role=\"group\" aria-roledescription=\"slide\" aria-label=\"3 de 3\"><figure class=\"swiper-slide-inner\"><img decoding=\"async\" class=\"swiper-slide-image\" src=\"https:\/\/asipagac.com\/wp-content\/uploads\/2025\/02\/inp_logo.png\" alt=\"inp_logo\" \/><\/figure><\/div>\t\t\t<\/div>\n\t\t\t\t\t\t\t\n\t\t\t\t\t\t\t\t\t<\/div>\n\t\t\t\t\t\t<\/div>\n\t\t\t\t<\/div>\n\t\t\t\t\t<\/div>\n\t\t<\/div>\n\t\t\t\t\t<\/div>\n\t\t<\/section>\n\t\t\t\t<\/div>","protected":false},"excerpt":{"rendered":"<p>Nuestras campa\u00f1as en curso Descubre nuestras donaciones en curso y c\u00f3mo tu apoyo puede marcar la diferencia en la vida de quienes m\u00e1s lo necesitan Home Nuestras campa\u00f1as en curso Donate Now Tratamientos y Terapias Goal: &#36;100,000 Donar Ahora Estudios de Diagnostico y Pruebas de Tamiz Neonatal Goal: &#36;100,000 Donate Ahora Compra de Alimentaci\u00f3n y<\/p>","protected":false},"author":2,"featured_media":0,"parent":0,"menu_order":0,"comment_status":"closed","ping_status":"closed","template":"elementor_header_footer","meta":{"_acf_changed":false,"footnotes":""},"class_list":["post-1622","page","type-page","status-publish","hentry"],"acf":[],"_links":{"self":[{"href":"https:\/\/asipagac.com\/en\/wp-json\/wp\/v2\/pages\/1622","targetHints":{"allow":["GET"]}}],"collection":[{"href":"https:\/\/asipagac.com\/en\/wp-json\/wp\/v2\/pages"}],"about":[{"href":"https:\/\/asipagac.com\/en\/wp-json\/wp\/v2\/types\/page"}],"author":[{"embeddable":true,"href":"https:\/\/asipagac.com\/en\/wp-json\/wp\/v2\/users\/2"}],"replies":[{"embeddable":true,"href":"https:\/\/asipagac.com\/en\/wp-json\/wp\/v2\/comments?post=1622"}],"version-history":[{"count":4,"href":"https:\/\/asipagac.com\/en\/wp-json\/wp\/v2\/pages\/1622\/revisions"}],"predecessor-version":[{"id":1627,"href":"https:\/\/asipagac.com\/en\/wp-json\/wp\/v2\/pages\/1622\/revisions\/1627"}],"wp:attachment":[{"href":"https:\/\/asipagac.com\/en\/wp-json\/wp\/v2\/media?parent=1622"}],"curies":[{"name":"wp","href":"https:\/\/api.w.org\/{rel}","templated":true}]}}