{"id":1512,"date":"2025-02-19T18:51:27","date_gmt":"2025-02-20T00:51:27","guid":{"rendered":"https:\/\/asipagac.com\/?page_id=1512"},"modified":"2025-06-11T19:26:46","modified_gmt":"2025-06-12T01:26:46","slug":"como-obtener-ayuda","status":"publish","type":"page","link":"https:\/\/asipagac.com\/en\/como-obtener-ayuda\/","title":{"rendered":"How to get help"},"content":{"rendered":"<div data-elementor-type=\"wp-page\" data-elementor-id=\"1512\" class=\"elementor elementor-1512\">\n\t\t\t\t<div class=\"elementor-element elementor-element-e0070c2 e-con-full e-flex e-con e-parent\" data-id=\"e0070c2\" data-element_type=\"container\">\n\t\t\t\t<div class=\"elementor-element elementor-element-f5beff7 el-align-center elementor-widget elementor-widget-dl_page_header\" data-id=\"f5beff7\" data-element_type=\"widget\" data-widget_type=\"dl_page_header.default\">\n\t\t\t\t<div class=\"elementor-widget-container\">\n\t\t\t\t\t\t\t<div class=\"el-page-header\">\r\n\t\t\t<div class=\"overlay\"><\/div>\t\t\t<div class=\"container\">\r\n\t\t\t\t<div class=\"el-ph-content\">\r\n\t\t\t\t\t<h2 >Who can help me?<\/h2>\t\t\t\t\t<p >Our association can help you to channel your case with the appropriate professionals<\/p>\t\t\t\t\t\t\t\t\t\t<ol class=\"breadcrumb-wrap\">\r\n\t\t\t\t\t\t<li><a href=\"https:\/\/asipagac.com\/en\/\">\r\n\t\t\t\t\t\t<i class=\"ti-home\"><\/i>Home\t\t\t\t\t\t<\/a><\/li>\r\n\t\t\t\t\t\t<li class=\"active\">\r\n\t\t\t\t\t\tWho can help me?\t\t\t\t\t\t<\/li>\r\n\t\t\t\t\t<\/ol>\r\n\t\t\t\t\t\t\t\t\t<\/div>\r\n\t\t\t<\/div>\r\n\t\t<\/div>\r\n\t\t\t\t\t\t<\/div>\n\t\t\t\t<\/div>\n\t\t\t\t<\/div>\n\t\t\t\t<section class=\"elementor-section elementor-top-section elementor-element elementor-element-093e85c elementor-section-content-middle elementor-section-boxed elementor-section-height-default elementor-section-height-default\" data-id=\"093e85c\" data-element_type=\"section\">\n\t\t\t\t\t\t\t<div class=\"elementor-background-overlay\"><\/div>\n\t\t\t\t\t\t\t<div class=\"elementor-container elementor-column-gap-default\">\n\t\t\t\t\t<div class=\"elementor-column elementor-col-50 elementor-top-column elementor-element elementor-element-ceba730\" data-id=\"ceba730\" data-element_type=\"column\">\n\t\t\t<div class=\"elementor-widget-wrap elementor-element-populated\">\n\t\t\t\t\t\t<div class=\"elementor-element elementor-element-bb862c6 elementor-widget elementor-widget-charitian_servic\" data-id=\"bb862c6\" data-element_type=\"widget\" data-widget_type=\"charitian_servic.default\">\n\t\t\t\t<div class=\"elementor-widget-container\">\n\t\t\t\t\t            <div class=\"dl-service dl-service-style-1\" >\r\n                <a href=\"#\"><div class=\"dl-icon\"><i class=\"cht cht-charity-14\"><\/i><\/div><\/a>                <div class=\"content\">\r\n                    <h4 class=\"service-title\"><a href=\"#\"><span >Specialists Network<\/span><\/a><\/h4><p >Descubre m\u00e9dicos certificados en todo el pa\u00eds, listos para brindarte el mejor tratamiento.\n\n<\/p>                <\/div>\r\n            <\/div>\r\n        \t\t\t\t<\/div>\n\t\t\t\t<\/div>\n\t\t\t\t<div class=\"elementor-element elementor-element-8c07abf elementor-widget elementor-widget-charitian_servic\" data-id=\"8c07abf\" data-element_type=\"widget\" data-widget_type=\"charitian_servic.default\">\n\t\t\t\t<div class=\"elementor-widget-container\">\n\t\t\t\t\t            <div class=\"dl-service dl-service-style-1\" >\r\n                <a href=\"#\"><div class=\"dl-icon\"><i class=\"cht cht-open-book\"><\/i><\/div><\/a>                <div class=\"content\">\r\n                    <h4 class=\"service-title\"><a href=\"#\"><span >Personalized Advice<\/span><\/a><\/h4><p >A trav\u00e9s de nuestra asociaci\u00f3n, puedes obtener contacto directo con los especialistas.\n\n<\/p>                <\/div>\r\n            <\/div>\r\n        \t\t\t\t<\/div>\n\t\t\t\t<\/div>\n\t\t\t\t\t<\/div>\n\t\t<\/div>\n\t\t\t\t<div class=\"elementor-column elementor-col-50 elementor-top-column elementor-element elementor-element-33c2220\" data-id=\"33c2220\" data-element_type=\"column\">\n\t\t\t<div class=\"elementor-widget-wrap elementor-element-populated\">\n\t\t\t\t\t\t<div class=\"elementor-element elementor-element-277d673 elementor-widget elementor-widget-charitian_servic\" data-id=\"277d673\" data-element_type=\"widget\" data-widget_type=\"charitian_servic.default\">\n\t\t\t\t<div class=\"elementor-widget-container\">\n\t\t\t\t\t            <div class=\"dl-service dl-service-style-1\" >\r\n                <a href=\"#\"><div class=\"dl-icon\"><i class=\"cht cht-blood-donation-2\"><\/i><\/div><\/a>                <div class=\"content\">\r\n                    <h4 class=\"service-title\"><a href=\"#\"><span >Hospitals Recommended<\/span><\/a><\/h4><p >Pronto a\u00f1adiremos una lista con los hospitales mejor equipados para atenderte.\n\n<\/p>                <\/div>\r\n            <\/div>\r\n        \t\t\t\t<\/div>\n\t\t\t\t<\/div>\n\t\t\t\t<div class=\"elementor-element elementor-element-8b05f73 elementor-widget elementor-widget-charitian_servic\" data-id=\"8b05f73\" data-element_type=\"widget\" data-widget_type=\"charitian_servic.default\">\n\t\t\t\t<div class=\"elementor-widget-container\">\n\t\t\t\t\t            <div class=\"dl-service dl-service-style-1\" >\r\n                <a href=\"#\"><div class=\"dl-icon\"><i class=\"cht cht-donors\"><\/i><\/div><\/a>                <div class=\"content\">\r\n                    <h4 class=\"service-title\"><a href=\"#\"><span >Support for You and Your Family<\/span><\/a><\/h4><p >Nuestro compromiso es ofrecerte informaci\u00f3n confiable y acompa\u00f1amiento en cada paso.\n\n<\/p>                <\/div>\r\n            <\/div>\r\n        \t\t\t\t<\/div>\n\t\t\t\t<\/div>\n\t\t\t\t\t<\/div>\n\t\t<\/div>\n\t\t\t\t\t<\/div>\n\t\t<\/section>\n\t\t\t\t<section class=\"elementor-section elementor-top-section elementor-element elementor-element-805f766 elementor-section-boxed elementor-section-height-default elementor-section-height-default\" data-id=\"805f766\" data-element_type=\"section\">\n\t\t\t\t\t\t<div class=\"elementor-container elementor-column-gap-default\">\n\t\t\t\t\t<div class=\"elementor-column elementor-col-100 elementor-top-column elementor-element elementor-element-7023e07\" data-id=\"7023e07\" data-element_type=\"column\">\n\t\t\t<div class=\"elementor-widget-wrap elementor-element-populated\">\n\t\t\t\t\t\t<section class=\"elementor-section elementor-inner-section elementor-element elementor-element-c92cd87 elementor-section-boxed elementor-section-height-default elementor-section-height-default\" data-id=\"c92cd87\" data-element_type=\"section\">\n\t\t\t\t\t\t<div class=\"elementor-container elementor-column-gap-default\">\n\t\t\t\t\t<div class=\"elementor-column elementor-col-100 elementor-inner-column elementor-element elementor-element-9b03b04\" data-id=\"9b03b04\" data-element_type=\"column\">\n\t\t\t<div class=\"elementor-widget-wrap elementor-element-populated\">\n\t\t\t\t\t\t<div class=\"elementor-element elementor-element-74c1944 elementor-invisible elementor-widget elementor-widget-sc-heading\" data-id=\"74c1944\" data-element_type=\"widget\" data-settings=\"{&quot;_animation&quot;:&quot;fadeInUp&quot;}\" data-widget_type=\"sc-heading.default\">\n\t\t\t\t<div class=\"elementor-widget-container\">\n\t\t\t\t\t\t\t<div id=\"wt-at-74c1944\" class=\"headng-wrap center\">\r\n\t\t\t<div class=\"section-heading\">\r\n\t\t\t\t\t\t\t<h4\r\n\t\t\t\t \t\t\t\t>Our team<\/h4>\r\n\t\t\t\t\t\t\t\t\t\t\t\t<h2\r\n\t\t\t\t \t\t\t\t>Meet our team<\/h2>\r\n\t\t\t\t\t\t\t\t\t\t\t\t<p\r\n\t\t\t\t \t\t\t\t>We work to generate a real impact, build bridges and <br> facilitate pathways for those who need us.<\/p>\r\n\t\t\t\t\t\t\t<\/div>\r\n\t\t<\/div>\r\n\r\n\t\t\t\t\t<\/div>\n\t\t\t\t<\/div>\n\t\t\t\t\t<\/div>\n\t\t<\/div>\n\t\t\t\t\t<\/div>\n\t\t<\/section>\n\t\t\t\t<section class=\"elementor-section elementor-inner-section elementor-element elementor-element-3069ddb elementor-section-boxed elementor-section-height-default elementor-section-height-default\" data-id=\"3069ddb\" data-element_type=\"section\">\n\t\t\t\t\t\t<div class=\"elementor-container elementor-column-gap-default\">\n\t\t\t\t\t<div class=\"elementor-column elementor-col-25 elementor-inner-column elementor-element elementor-element-9eea61b\" data-id=\"9eea61b\" data-element_type=\"column\">\n\t\t\t<div class=\"elementor-widget-wrap elementor-element-populated\">\n\t\t\t\t\t\t<div class=\"elementor-element elementor-element-9ad4b86 elementor-invisible elementor-widget elementor-widget-charitian_team\" data-id=\"9ad4b86\" data-element_type=\"widget\" data-settings=\"{&quot;_animation&quot;:&quot;fadeInUp&quot;}\" data-widget_type=\"charitian_team.default\">\n\t\t\t\t<div class=\"elementor-widget-container\">\n\t\t\t\t\t\t\t\t\t\t<div class=\"team-3 style-3\">\r\n\t\t\t\t\t\t\t\t<div class=\"team-thumb\">\r\n\t\t\t\t\t<img fetchpriority=\"high\" decoding=\"async\" width=\"768\" height=\"1096\" src=\"https:\/\/asipagac.com\/wp-content\/uploads\/2025\/03\/Logos-02-768x1096.png\" class=\"attachment-medium_large size-medium_large wp-image-1963\" alt=\"\" srcset=\"https:\/\/asipagac.com\/wp-content\/uploads\/2025\/03\/Logos-02-768x1096.png 768w, https:\/\/asipagac.com\/wp-content\/uploads\/2025\/03\/Logos-02-210x300.png 210w, https:\/\/asipagac.com\/wp-content\/uploads\/2025\/03\/Logos-02-717x1024.png 717w, https:\/\/asipagac.com\/wp-content\/uploads\/2025\/03\/Logos-02.png 800w\" sizes=\"(max-width: 768px) 100vw, 768px\" \/>\t\t\t\t\t\t\t\t\t<\/div>\r\n\t\t\t\t\t\t\t\t\t\t\t\t<div class=\"team-details\">\r\n\t\t\t\t\t<h3>\r\n\t\t\t\t\t<span class=\"m-title\" >Dr. Marcela Vela Amieva<\/span><b class=\"pos\" >Specialist <\/b>\t\t\t\t\t<\/h3>\r\n\t\t\t\t<\/div>\r\n\t\t\t\t\t\t\t<\/div>\r\n\t\t\t\t\t\t<\/div>\n\t\t\t\t<\/div>\n\t\t\t\t<div class=\"elementor-element elementor-element-5903c96 elementor-invisible elementor-widget elementor-widget-charitian_team\" data-id=\"5903c96\" data-element_type=\"widget\" data-settings=\"{&quot;_animation&quot;:&quot;fadeInUp&quot;}\" data-widget_type=\"charitian_team.default\">\n\t\t\t\t<div class=\"elementor-widget-container\">\n\t\t\t\t\t\t\t\t\t\t<div class=\"team-3 style-3\">\r\n\t\t\t\t\t\t\t\t<div class=\"team-thumb\">\r\n\t\t\t\t\t<img decoding=\"async\" width=\"768\" height=\"1096\" src=\"https:\/\/asipagac.com\/wp-content\/uploads\/2025\/05\/isste-768x1096.jpg\" class=\"attachment-medium_large size-medium_large wp-image-2047\" alt=\"\" srcset=\"https:\/\/asipagac.com\/wp-content\/uploads\/2025\/05\/isste-768x1096.jpg 768w, https:\/\/asipagac.com\/wp-content\/uploads\/2025\/05\/isste-210x300.jpg 210w, https:\/\/asipagac.com\/wp-content\/uploads\/2025\/05\/isste-717x1024.jpg 717w, https:\/\/asipagac.com\/wp-content\/uploads\/2025\/05\/isste-8x12.jpg 8w, https:\/\/asipagac.com\/wp-content\/uploads\/2025\/05\/isste.jpg 800w\" sizes=\"(max-width: 768px) 100vw, 768px\" \/>\t\t\t\t\t\t\t\t\t<\/div>\r\n\t\t\t\t\t\t\t\t\t\t\t\t<div class=\"team-details\">\r\n\t\t\t\t\t<h3>\r\n\t\t\t\t\t<span class=\"m-title\" >Dra. Ericka Vargas Quevedo<\/span><b class=\"pos\" >Specialist <\/b>\t\t\t\t\t<\/h3>\r\n\t\t\t\t<\/div>\r\n\t\t\t\t\t\t\t<\/div>\r\n\t\t\t\t\t\t<\/div>\n\t\t\t\t<\/div>\n\t\t\t\t\t<\/div>\n\t\t<\/div>\n\t\t\t\t<div class=\"elementor-column elementor-col-25 elementor-inner-column elementor-element elementor-element-43892c8\" data-id=\"43892c8\" data-element_type=\"column\">\n\t\t\t<div class=\"elementor-widget-wrap elementor-element-populated\">\n\t\t\t\t\t\t<div class=\"elementor-element elementor-element-3176efd elementor-invisible elementor-widget elementor-widget-charitian_team\" data-id=\"3176efd\" data-element_type=\"widget\" data-settings=\"{&quot;_animation&quot;:&quot;fadeInUp&quot;}\" data-widget_type=\"charitian_team.default\">\n\t\t\t\t<div class=\"elementor-widget-container\">\n\t\t\t\t\t\t\t\t\t\t<div class=\"team-3 style-3\">\r\n\t\t\t\t\t\t\t\t<div class=\"team-thumb\">\r\n\t\t\t\t\t<img decoding=\"async\" width=\"768\" height=\"1096\" src=\"https:\/\/asipagac.com\/wp-content\/uploads\/2025\/03\/Logos1-01-768x1096.png\" class=\"attachment-medium_large size-medium_large wp-image-1962\" alt=\"\" srcset=\"https:\/\/asipagac.com\/wp-content\/uploads\/2025\/03\/Logos1-01-768x1096.png 768w, https:\/\/asipagac.com\/wp-content\/uploads\/2025\/03\/Logos1-01-210x300.png 210w, https:\/\/asipagac.com\/wp-content\/uploads\/2025\/03\/Logos1-01-717x1024.png 717w, https:\/\/asipagac.com\/wp-content\/uploads\/2025\/03\/Logos1-01.png 800w\" sizes=\"(max-width: 768px) 100vw, 768px\" \/>\t\t\t\t\t\t\t\t\t<\/div>\r\n\t\t\t\t\t\t\t\t\t\t\t\t<div class=\"team-details\">\r\n\t\t\t\t\t<h3>\r\n\t\t\t\t\t<span class=\"m-title\" >UDER<\/span>\t\t\t\t\t<\/h3>\r\n\t\t\t\t<\/div>\r\n\t\t\t\t\t\t\t<\/div>\r\n\t\t\t\t\t\t<\/div>\n\t\t\t\t<\/div>\n\t\t\t\t\t<\/div>\n\t\t<\/div>\n\t\t\t\t<div class=\"elementor-column elementor-col-25 elementor-inner-column elementor-element elementor-element-7b11cc1\" data-id=\"7b11cc1\" data-element_type=\"column\">\n\t\t\t<div class=\"elementor-widget-wrap elementor-element-populated\">\n\t\t\t\t\t\t<div class=\"elementor-element elementor-element-fef2a56 elementor-invisible elementor-widget elementor-widget-charitian_team\" data-id=\"fef2a56\" data-element_type=\"widget\" data-settings=\"{&quot;_animation&quot;:&quot;fadeInUp&quot;}\" data-widget_type=\"charitian_team.default\">\n\t\t\t\t<div class=\"elementor-widget-container\">\n\t\t\t\t\t\t\t\t\t\t<div class=\"team-3 style-3\">\r\n\t\t\t\t\t\t\t\t<div class=\"team-thumb\">\r\n\t\t\t\t\t<img loading=\"lazy\" decoding=\"async\" width=\"768\" height=\"1096\" src=\"https:\/\/asipagac.com\/wp-content\/uploads\/2025\/03\/Logos-03-768x1096.png\" class=\"attachment-medium_large size-medium_large wp-image-1964\" alt=\"\" srcset=\"https:\/\/asipagac.com\/wp-content\/uploads\/2025\/03\/Logos-03-768x1096.png 768w, https:\/\/asipagac.com\/wp-content\/uploads\/2025\/03\/Logos-03-210x300.png 210w, https:\/\/asipagac.com\/wp-content\/uploads\/2025\/03\/Logos-03-717x1024.png 717w, https:\/\/asipagac.com\/wp-content\/uploads\/2025\/03\/Logos-03.png 800w\" sizes=\"(max-width: 768px) 100vw, 768px\" \/>\t\t\t\t\t\t\t\t\t<\/div>\r\n\t\t\t\t\t\t\t\t\t\t\t\t<div class=\"team-details\">\r\n\t\t\t\t\t<h3>\r\n\t\t\t\t\t<span class=\"m-title\" >Dr. F\u00e9lix, Juli\u00e1n Campos Garcia<\/span><b class=\"pos\" >Specialist<\/b>\t\t\t\t\t<\/h3>\r\n\t\t\t\t<\/div>\r\n\t\t\t\t\t\t\t<\/div>\r\n\t\t\t\t\t\t<\/div>\n\t\t\t\t<\/div>\n\t\t\t\t\t<\/div>\n\t\t<\/div>\n\t\t\t\t<div class=\"elementor-column elementor-col-25 elementor-inner-column elementor-element elementor-element-4e84079\" data-id=\"4e84079\" data-element_type=\"column\">\n\t\t\t<div class=\"elementor-widget-wrap elementor-element-populated\">\n\t\t\t\t\t\t<div class=\"elementor-element elementor-element-9753004 elementor-invisible elementor-widget elementor-widget-charitian_team\" data-id=\"9753004\" data-element_type=\"widget\" data-settings=\"{&quot;_animation&quot;:&quot;fadeInUp&quot;}\" data-widget_type=\"charitian_team.default\">\n\t\t\t\t<div class=\"elementor-widget-container\">\n\t\t\t\t\t\t\t\t\t\t<div class=\"team-3 style-3\">\r\n\t\t\t\t\t\t\t\t<div class=\"team-thumb\">\r\n\t\t\t\t\t<img fetchpriority=\"high\" decoding=\"async\" width=\"768\" height=\"1096\" src=\"https:\/\/asipagac.com\/wp-content\/uploads\/2025\/03\/Logos-02-768x1096.png\" class=\"attachment-medium_large size-medium_large wp-image-1963\" alt=\"\" srcset=\"https:\/\/asipagac.com\/wp-content\/uploads\/2025\/03\/Logos-02-768x1096.png 768w, https:\/\/asipagac.com\/wp-content\/uploads\/2025\/03\/Logos-02-210x300.png 210w, https:\/\/asipagac.com\/wp-content\/uploads\/2025\/03\/Logos-02-717x1024.png 717w, https:\/\/asipagac.com\/wp-content\/uploads\/2025\/03\/Logos-02.png 800w\" sizes=\"(max-width: 768px) 100vw, 768px\" \/>\t\t\t\t\t\t\t\t\t<\/div>\r\n\t\t\t\t\t\t\t\t\t\t\t\t<div class=\"team-details\">\r\n\t\t\t\t\t<h3>\r\n\t\t\t\t\t<span class=\"m-title\" >Maestra Sara Guill\u00e9n L\u00f3pez<\/span><b class=\"pos\" >Specialist<\/b>\t\t\t\t\t<\/h3>\r\n\t\t\t\t<\/div>\r\n\t\t\t\t\t\t\t<\/div>\r\n\t\t\t\t\t\t<\/div>\n\t\t\t\t<\/div>\n\t\t\t\t\t<\/div>\n\t\t<\/div>\n\t\t\t\t\t<\/div>\n\t\t<\/section>\n\t\t\t\t\t<\/div>\n\t\t<\/div>\n\t\t\t\t\t<\/div>\n\t\t<\/section>\n\t\t\t\t<section class=\"elementor-section elementor-top-section elementor-element elementor-element-c8d7018 elementor-section-boxed elementor-section-height-default elementor-section-height-default\" data-id=\"c8d7018\" data-element_type=\"section\" data-settings=\"{&quot;background_background&quot;:&quot;classic&quot;}\">\n\t\t\t\t\t\t<div class=\"elementor-container elementor-column-gap-default\">\n\t\t\t\t\t<div class=\"elementor-column elementor-col-100 elementor-top-column elementor-element elementor-element-8c28c44\" data-id=\"8c28c44\" data-element_type=\"column\">\n\t\t\t<div class=\"elementor-widget-wrap elementor-element-populated\">\n\t\t\t\t\t\t<section class=\"elementor-section elementor-inner-section elementor-element elementor-element-822aba2 elementor-section-boxed elementor-section-height-default elementor-section-height-default\" data-id=\"822aba2\" data-element_type=\"section\">\n\t\t\t\t\t\t<div class=\"elementor-container elementor-column-gap-default\">\n\t\t\t\t\t<div class=\"elementor-column elementor-col-100 elementor-inner-column elementor-element elementor-element-6d15d0c\" data-id=\"6d15d0c\" data-element_type=\"column\">\n\t\t\t<div class=\"elementor-widget-wrap elementor-element-populated\">\n\t\t\t\t\t\t<div class=\"elementor-element elementor-element-61e0fb1 elementor-invisible elementor-widget elementor-widget-sc-heading\" data-id=\"61e0fb1\" data-element_type=\"widget\" data-settings=\"{&quot;_animation&quot;:&quot;fadeInUp&quot;}\" data-widget_type=\"sc-heading.default\">\n\t\t\t\t<div class=\"elementor-widget-container\">\n\t\t\t\t\t\t\t<div id=\"wt-at-61e0fb1\" class=\"headng-wrap center\">\r\n\t\t\t<div class=\"section-heading\">\r\n\t\t\t\t\t\t\t<h4\r\n\t\t\t\t \t\t\t\t>Projects in progress!<\/h4>\r\n\t\t\t\t\t\t\t\t\t\t\t\t<h2\r\n\t\t\t\t \t\t\t\t>All help is Welcome<\/h2>\r\n\t\t\t\t\t\t\t\t\t\t\t\t<p\r\n\t\t\t\t \t\t\t\t>Every contribution, however small, makes a difference. <br>Your support can transform the lives of those with Glutaric Aciduria and other rare diseases.<\/p>\r\n\t\t\t\t\t\t\t<\/div>\r\n\t\t<\/div>\r\n\r\n\t\t\t\t\t<\/div>\n\t\t\t\t<\/div>\n\t\t\t\t\t<\/div>\n\t\t<\/div>\n\t\t\t\t\t<\/div>\n\t\t<\/section>\n\t\t\t\t<section class=\"elementor-section elementor-inner-section elementor-element elementor-element-b0e3d37 elementor-section-boxed elementor-section-height-default elementor-section-height-default\" data-id=\"b0e3d37\" data-element_type=\"section\">\n\t\t\t\t\t\t<div class=\"elementor-container elementor-column-gap-default\">\n\t\t\t\t\t<div class=\"elementor-column elementor-col-100 elementor-inner-column elementor-element elementor-element-dbcf101\" data-id=\"dbcf101\" data-element_type=\"column\">\n\t\t\t<div class=\"elementor-widget-wrap elementor-element-populated\">\n\t\t\t\t\t\t<div class=\"elementor-element elementor-element-a534899 elementor-widget elementor-widget-dl-donations\" data-id=\"a534899\" data-element_type=\"widget\" data-settings=\"{&quot;dl_col_desktop&quot;:&quot;col-lg-4&quot;,&quot;dl_col_tablet&quot;:&quot;col-md-6&quot;,&quot;dl_col_mobile&quot;:&quot;col-sm-6&quot;}\" data-widget_type=\"dl-donations.default\">\n\t\t\t\t<div class=\"elementor-widget-container\">\n\t\t\t\t\t\r\n\t\t\r\n\t\t<div class=\"row donation-list\">\r\n\r\n\t\t\t\t\t\t\t\t<article class=\"donation-item col-lg-4 col-md-6 col-sm-6 post-1804 give_forms type-give_forms status-publish\" id=\"post-1804\">\r\n\t\t\t\t\t\t\t<div class=\"dl-donation-item\">\r\n\t\t\t\t\t<div class=\"donation-thumb\">\r\n\t\t\t\t\t\t<img decoding=\"async\" src=\"https:\/\/asipagac.com\/wp-content\/plugins\/give\/assets\/dist\/images\/give-placeholder.jpg\" alt=\"Placeholder\" \/>\t\t\t\t\t\t<a id=\"give-card-1804\" class=\"give-card donate-btn\" style=\"background-color: \" href=\"https:\/\/asipagac.com\/en\/donations\/compra-de-alimentacion-y-medicacion-especializada\/\">Donate Now<\/a>\t\t\t\t\t\t\t\t\t\t\t<\/div>\r\n\t\t\t\t\t<div class=\"donation-details\">\r\n\t\t\t\t\t\t\t\t\t\t\t<h3><a href=\"https:\/\/asipagac.com\/en\/donations\/compra-de-alimentacion-y-medicacion-especializada\/\">Purchase of Food and Specialized Medication<\/a><\/h3>\r\n\t\t\t\t\t\t\t\t\t\t\t\t\t\t<ul class=\"fund-info\">\r\n\t\t\t\t\t\t<li><i class=\"ti-bar-chart\"><\/i>Goal: &#36;100,000<\/li>\r\n\t\t\t\t\t\t<li><i class=\"ti-thumb-up\"><\/i>Raised: &#36;311<\/li>\r\n\t\t\t\t\t<\/ul>\r\n\t\t\t\t\t\t\t<\/div>\r\n\t\t\t\t<\/div>\r\n\t\t\t\t\t\t\t<\/article>\r\n\t\t\t\t\t\t\t\t\t<article class=\"donation-item col-lg-4 col-md-6 col-sm-6 post-1805 give_forms type-give_forms status-publish\" id=\"post-1805\">\r\n\t\t\t\t\t\t\t<div class=\"dl-donation-item\">\r\n\t\t\t\t\t<div class=\"donation-thumb\">\r\n\t\t\t\t\t\t<img decoding=\"async\" src=\"https:\/\/asipagac.com\/wp-content\/plugins\/give\/assets\/dist\/images\/give-placeholder.jpg\" alt=\"Placeholder\" \/>\t\t\t\t\t\t<a id=\"give-card-1805\" class=\"give-card donate-btn\" style=\"background-color: \" href=\"https:\/\/asipagac.com\/en\/donations\/estudios-de-diagnostico-y-pruebas-de-tamiz-neonatal\/\">Donate Now<\/a>\t\t\t\t\t\t\t\t\t\t\t<\/div>\r\n\t\t\t\t\t<div class=\"donation-details\">\r\n\t\t\t\t\t\t\t\t\t\t\t<h3><a href=\"https:\/\/asipagac.com\/en\/donations\/estudios-de-diagnostico-y-pruebas-de-tamiz-neonatal\/\">Diagnosis and Neonatal screening<\/a><\/h3>\r\n\t\t\t\t\t\t\t\t\t\t\t\t\t\t<ul class=\"fund-info\">\r\n\t\t\t\t\t\t<li><i class=\"ti-bar-chart\"><\/i>Goal: &#36;100,000<\/li>\r\n\t\t\t\t\t\t<li><i class=\"ti-thumb-up\"><\/i>Raised: &#36;100<\/li>\r\n\t\t\t\t\t<\/ul>\r\n\t\t\t\t\t\t\t<\/div>\r\n\t\t\t\t<\/div>\r\n\t\t\t\t\t\t\t<\/article>\r\n\t\t\t\t\t\t\t\t\t<article class=\"donation-item col-lg-4 col-md-6 col-sm-6 post-1806 give_forms type-give_forms status-publish\" id=\"post-1806\">\r\n\t\t\t\t\t\t\t<div class=\"dl-donation-item\">\r\n\t\t\t\t\t<div class=\"donation-thumb\">\r\n\t\t\t\t\t\t<img decoding=\"async\" src=\"https:\/\/asipagac.com\/wp-content\/plugins\/give\/assets\/dist\/images\/give-placeholder.jpg\" alt=\"Placeholder\" \/>\t\t\t\t\t\t<a id=\"give-card-1806\" class=\"give-card donate-btn\" style=\"background-color: \" href=\"https:\/\/asipagac.com\/en\/donations\/tratamientos-y-terapias\/\">Donate Now<\/a>\t\t\t\t\t\t\t\t\t\t\t<\/div>\r\n\t\t\t\t\t<div class=\"donation-details\">\r\n\t\t\t\t\t\t\t\t\t\t\t<h3><a href=\"https:\/\/asipagac.com\/en\/donations\/tratamientos-y-terapias\/\">Treatments and Therapies<\/a><\/h3>\r\n\t\t\t\t\t\t\t\t\t\t\t\t\t\t<ul class=\"fund-info\">\r\n\t\t\t\t\t\t<li><i class=\"ti-bar-chart\"><\/i>Goal: &#36;100,000<\/li>\r\n\t\t\t\t\t\t<li><i class=\"ti-thumb-up\"><\/i>Raised: &#36;200<\/li>\r\n\t\t\t\t\t<\/ul>\r\n\t\t\t\t\t\t\t<\/div>\r\n\t\t\t\t<\/div>\r\n\t\t\t\t\t\t\t<\/article>\r\n\t\t\t\t\t<\/div>\r\n\t\t\t\t\t\t<\/div>\n\t\t\t\t<\/div>\n\t\t\t\t\t<\/div>\n\t\t<\/div>\n\t\t\t\t\t<\/div>\n\t\t<\/section>\n\t\t\t\t\t<\/div>\n\t\t<\/div>\n\t\t\t\t\t<\/div>\n\t\t<\/section>\n\t\t\t\t<\/div>","protected":false},"excerpt":{"rendered":"<p>\u00bfQui\u00e9n me puede ayudar? Nuestra asociaci\u00f3n puede ayudarte a canalizar tu caso con los profesionales m\u00e1s adecuados. Inicio \u00bfQui\u00e9n me puede ayudar? Red de Especialistas Descubre m\u00e9dicos certificados en todo el pa\u00eds, listos para brindarte el mejor tratamiento. Asesor\u00eda Personalizada A trav\u00e9s de nuestra asociaci\u00f3n, puedes obtener contacto directo con los especialistas. Hospitales Recomendados Pronto<\/p>","protected":false},"author":2,"featured_media":0,"parent":0,"menu_order":0,"comment_status":"closed","ping_status":"closed","template":"elementor_header_footer","meta":{"_acf_changed":false,"footnotes":""},"class_list":["post-1512","page","type-page","status-publish","hentry"],"acf":[],"_links":{"self":[{"href":"https:\/\/asipagac.com\/en\/wp-json\/wp\/v2\/pages\/1512","targetHints":{"allow":["GET"]}}],"collection":[{"href":"https:\/\/asipagac.com\/en\/wp-json\/wp\/v2\/pages"}],"about":[{"href":"https:\/\/asipagac.com\/en\/wp-json\/wp\/v2\/types\/page"}],"author":[{"embeddable":true,"href":"https:\/\/asipagac.com\/en\/wp-json\/wp\/v2\/users\/2"}],"replies":[{"embeddable":true,"href":"https:\/\/asipagac.com\/en\/wp-json\/wp\/v2\/comments?post=1512"}],"version-history":[{"count":62,"href":"https:\/\/asipagac.com\/en\/wp-json\/wp\/v2\/pages\/1512\/revisions"}],"predecessor-version":[{"id":2060,"href":"https:\/\/asipagac.com\/en\/wp-json\/wp\/v2\/pages\/1512\/revisions\/2060"}],"wp:attachment":[{"href":"https:\/\/asipagac.com\/en\/wp-json\/wp\/v2\/media?parent=1512"}],"curies":[{"name":"wp","href":"https:\/\/api.w.org\/{rel}","templated":true}]}}