{"id":133,"date":"2024-11-07T01:12:37","date_gmt":"2024-11-07T01:12:37","guid":{"rendered":"https:\/\/asipagac.com\/?page_id=133"},"modified":"2024-11-20T20:34:41","modified_gmt":"2024-11-20T20:34:41","slug":"como-puedes-ayudar","status":"publish","type":"page","link":"https:\/\/asipagac.com\/en\/como-puedes-ayudar\/","title":{"rendered":"C\u00f3mo puedes ayudar"},"content":{"rendered":"<div data-elementor-type=\"wp-page\" data-elementor-id=\"133\" class=\"elementor elementor-133\">\n\t\t\t\t<div class=\"elementor-element elementor-element-ea72b40 e-flex e-con-boxed e-con e-parent\" data-id=\"ea72b40\" data-element_type=\"container\" data-settings=\"{&quot;background_background&quot;:&quot;classic&quot;}\">\n\t\t\t\t\t<div class=\"e-con-inner\">\n\t\t<div class=\"elementor-element elementor-element-7e3d5a7d e-con-full e-flex e-con e-child\" data-id=\"7e3d5a7d\" data-element_type=\"container\">\n\t\t\t\t<div class=\"elementor-element elementor-element-15bf717e elementor-widget elementor-widget-heading\" data-id=\"15bf717e\" data-element_type=\"widget\" data-widget_type=\"heading.default\">\n\t\t\t\t<div class=\"elementor-widget-container\">\n\t\t\t\t\t<h2 class=\"elementor-heading-title elementor-size-default\">Who can help me?<\/h2>\t\t\t\t<\/div>\n\t\t\t\t<\/div>\n\t\t\t\t<div class=\"elementor-element elementor-element-17aa1887 elementor-widget elementor-widget-text-editor\" data-id=\"17aa1887\" data-element_type=\"widget\" data-widget_type=\"text-editor.default\">\n\t\t\t\t<div class=\"elementor-widget-container\">\n\t\t\t\t\t\t\t\t\t<p><span style=\"vertical-align: inherit;\"><span style=\"vertical-align: inherit;\"><span style=\"vertical-align: inherit;\"><span style=\"vertical-align: inherit;\"><span style=\"vertical-align: inherit;\"><span style=\"vertical-align: inherit;\"><span style=\"vertical-align: inherit;\"><span style=\"vertical-align: inherit;\"><span style=\"vertical-align: inherit;\"><span style=\"vertical-align: inherit;\"><span style=\"vertical-align: inherit;\"><span style=\"vertical-align: inherit;\">Inicio &gt; Qui\u00e9n me puede ayudar<\/span><\/span><\/span><\/span><\/span><\/span><\/span><\/span><\/span><\/span><\/span><\/span><\/p>\t\t\t\t\t\t\t\t<\/div>\n\t\t\t\t<\/div>\n\t\t\t\t<\/div>\n\t\t\t\t\t<\/div>\n\t\t\t\t<\/div>\n\t\t<div class=\"elementor-element elementor-element-00f48e9 e-flex e-con-boxed e-con e-parent\" data-id=\"00f48e9\" data-element_type=\"container\">\n\t\t\t\t\t<div class=\"e-con-inner\">\n\t\t\t\t<div class=\"elementor-element elementor-element-8e409f8 elementor-widget elementor-widget-text-editor\" data-id=\"8e409f8\" data-element_type=\"widget\" data-widget_type=\"text-editor.default\">\n\t\t\t\t<div class=\"elementor-widget-container\">\n\t\t\t\t\t\t\t\t\t<p>En esta secci\u00f3n encontrar\u00e1 informaci\u00f3n clave sobre los especialistas en M\u00e9xico que cuentan con la experiencia necesaria para diagnosticar y tratar esta condici\u00f3n de manera adecuada. Adem\u00e1s, incluimos algunos datos generales sobre los lugares donde laboran, brind\u00e1ndote una gu\u00eda confiable para recibir atenci\u00f3n de calidad. Pronto, tambi\u00e9n agregaremos una lista de hospitales recomendados para emergencias, diagn\u00f3stico y tratamiento. Nuestro objetivo es que sepas que ya existen profesionales capacitados a nivel nacional, y que a trav\u00e9s de nuestra asociaci\u00f3n puedes tener un contacto directo con ellos, asegurando el mejor apoyo para ti y tu familia.<\/p>\t\t\t\t\t\t\t\t<\/div>\n\t\t\t\t<\/div>\n\t\t\t\t\t<\/div>\n\t\t\t\t<\/div>\n\t\t<div class=\"elementor-element elementor-element-13ab4eea e-con-full e-flex e-con e-parent\" data-id=\"13ab4eea\" data-element_type=\"container\">\n\t\t<div class=\"elementor-element elementor-element-3420476e e-con-full e-flex e-con e-child\" data-id=\"3420476e\" data-element_type=\"container\">\n\t\t<div class=\"elementor-element elementor-element-7fecca26 e-con-full e-flex e-con e-child\" data-id=\"7fecca26\" data-element_type=\"container\">\n\t\t\t\t<div class=\"elementor-element elementor-element-16911f8c elementor-widget elementor-widget-heading\" data-id=\"16911f8c\" data-element_type=\"widget\" data-widget_type=\"heading.default\">\n\t\t\t\t<div class=\"elementor-widget-container\">\n\t\t\t\t\t<h2 class=\"elementor-heading-title elementor-size-default\">Specialist<\/h2>\t\t\t\t<\/div>\n\t\t\t\t<\/div>\n\t\t\t\t<div class=\"elementor-element elementor-element-514a8489 elementor-widget elementor-widget-heading\" data-id=\"514a8489\" data-element_type=\"widget\" data-widget_type=\"heading.default\">\n\t\t\t\t<div class=\"elementor-widget-container\">\n\t\t\t\t\t<h2 class=\"elementor-heading-title elementor-size-default\">Dr. Marcela Vela Amieva<\/h2>\t\t\t\t<\/div>\n\t\t\t\t<\/div>\n\t\t\t\t<div class=\"elementor-element elementor-element-283f4ce4 elementor-widget elementor-widget-text-editor\" data-id=\"283f4ce4\" data-element_type=\"widget\" data-widget_type=\"text-editor.default\">\n\t\t\t\t<div class=\"elementor-widget-container\">\n\t\t\t\t\t\t\t\t\t<ul><li>Jefa del laboratorio de Errores Innatos del Metabolismo y Tamiz del<strong> Instituto Nacioal de Pediatr\u00eda<\/strong><\/li><li>Pediatra investigadora con 30 a\u00f1os de experiencia en el<br \/>\u00e1rea de enfermedades raras, con \u00e9nfasis en la atenci\u00f3n m\u00e9dica integral de<br \/>personas con errores innatos del metabolismo y modelos de tamiz neonatal<\/li><li>Miembro del Sistema Nacional de Investigadores de M\u00e9xico (Nivel III)<\/li><li>Autora de m\u00e1s de 170 publicaciones cient\u00edficas nacionales e internacionales.<\/li><\/ul>\t\t\t\t\t\t\t\t<\/div>\n\t\t\t\t<\/div>\n\t\t\t\t<div class=\"elementor-element elementor-element-73f06088 elementor-align-left elementor-widget elementor-widget-button\" data-id=\"73f06088\" data-element_type=\"widget\" data-widget_type=\"button.default\">\n\t\t\t\t<div class=\"elementor-widget-container\">\n\t\t\t\t\t\t\t\t\t<div class=\"elementor-button-wrapper\">\n\t\t\t\t\t<a class=\"elementor-button elementor-button-link elementor-size-sm\" href=\"https:\/\/api.whatsapp.com\/send\/?phone=5219999929403&#038;text&#038;type=phone_number&#038;app_absent=0\">\n\t\t\t\t\t\t<span class=\"elementor-button-content-wrapper\">\n\t\t\t\t\t\t<span class=\"elementor-button-icon\">\n\t\t\t\t<svg aria-hidden=\"true\" class=\"e-font-icon-svg e-fas-arrow-right\" viewbox=\"0 0 448 512\" xmlns=\"http:\/\/www.w3.org\/2000\/svg\"><path d=\"M190.5 66.9l22.2-22.2c9.4-9.4 24.6-9.4 33.9 0L441 239c9.4 9.4 9.4 24.6 0 33.9L246.6 467.3c-9.4 9.4-24.6 9.4-33.9 0l-22.2-22.2c-9.5-9.5-9.3-25 .4-34.3L311.4 296H24c-13.3 0-24-10.7-24-24v-32c0-13.3 10.7-24 24-24h287.4L190.9 101.2c-9.8-9.3-10-24.8-.4-34.3z\"><\/path><\/svg>\t\t\t<\/span>\n\t\t\t\t\t\t\t\t\t<span class=\"elementor-button-text\">M\u00e1s Informaci\u00f3n<\/span>\n\t\t\t\t\t<\/span>\n\t\t\t\t\t<\/a>\n\t\t\t\t<\/div>\n\t\t\t\t\t\t\t\t<\/div>\n\t\t\t\t<\/div>\n\t\t\t\t<\/div>\n\t\t\t\t<\/div>\n\t\t<div class=\"elementor-element elementor-element-50f97966 e-con-full e-flex e-con e-child\" data-id=\"50f97966\" data-element_type=\"container\" data-settings=\"{&quot;background_background&quot;:&quot;classic&quot;}\">\n\t\t\t\t<\/div>\n\t\t\t\t<\/div>\n\t\t<div class=\"elementor-element elementor-element-5947958b e-con-full e-flex e-con e-parent\" data-id=\"5947958b\" data-element_type=\"container\">\n\t\t<div class=\"elementor-element elementor-element-44647a7d e-con-full e-flex e-con e-child\" data-id=\"44647a7d\" data-element_type=\"container\" data-settings=\"{&quot;background_background&quot;:&quot;classic&quot;}\">\n\t\t\t\t<\/div>\n\t\t<div class=\"elementor-element elementor-element-2a133ec7 e-con-full e-flex e-con e-child\" data-id=\"2a133ec7\" data-element_type=\"container\">\n\t\t<div class=\"elementor-element elementor-element-292f26b8 e-con-full e-flex e-con e-child\" data-id=\"292f26b8\" data-element_type=\"container\">\n\t\t\t\t<div class=\"elementor-element elementor-element-772f6b13 elementor-widget elementor-widget-heading\" data-id=\"772f6b13\" data-element_type=\"widget\" data-widget_type=\"heading.default\">\n\t\t\t\t<div class=\"elementor-widget-container\">\n\t\t\t\t\t<h2 class=\"elementor-heading-title elementor-size-default\">Specialist<\/h2>\t\t\t\t<\/div>\n\t\t\t\t<\/div>\n\t\t\t\t<div class=\"elementor-element elementor-element-7c9f7eb9 elementor-widget elementor-widget-heading\" data-id=\"7c9f7eb9\" data-element_type=\"widget\" data-widget_type=\"heading.default\">\n\t\t\t\t<div class=\"elementor-widget-container\">\n\t\t\t\t\t<h2 class=\"elementor-heading-title elementor-size-default\">Dr. Juan Carlos Zenteno R.<\/h2>\t\t\t\t<\/div>\n\t\t\t\t<\/div>\n\t\t\t\t<div class=\"elementor-element elementor-element-1956f86a elementor-widget elementor-widget-text-editor\" data-id=\"1956f86a\" data-element_type=\"widget\" data-widget_type=\"text-editor.default\">\n\t\t\t\t<div class=\"elementor-widget-container\">\n\t\t\t\t\t\t\t\t\t<p><span style=\"font-weight: 400;\">Unidad de Diagnostico de Enfermedades Raras<\/span><\/p><p><span style=\"font-weight: 400;\">Facultad de Medicina UNAM<\/span><\/p><p><span style=\"font-weight: 400;\">Experiencia:<\/span><\/p>\t\t\t\t\t\t\t\t<\/div>\n\t\t\t\t<\/div>\n\t\t\t\t<div class=\"elementor-element elementor-element-48ac1d21 elementor-align-left elementor-widget elementor-widget-button\" data-id=\"48ac1d21\" data-element_type=\"widget\" data-widget_type=\"button.default\">\n\t\t\t\t<div class=\"elementor-widget-container\">\n\t\t\t\t\t\t\t\t\t<div class=\"elementor-button-wrapper\">\n\t\t\t\t\t<a class=\"elementor-button elementor-button-link elementor-size-sm\" href=\"https:\/\/api.whatsapp.com\/send\/?phone=5219999929403&#038;text&#038;type=phone_number&#038;app_absent=0\">\n\t\t\t\t\t\t<span class=\"elementor-button-content-wrapper\">\n\t\t\t\t\t\t<span class=\"elementor-button-icon\">\n\t\t\t\t<svg aria-hidden=\"true\" class=\"e-font-icon-svg e-fas-arrow-right\" viewbox=\"0 0 448 512\" xmlns=\"http:\/\/www.w3.org\/2000\/svg\"><path d=\"M190.5 66.9l22.2-22.2c9.4-9.4 24.6-9.4 33.9 0L441 239c9.4 9.4 9.4 24.6 0 33.9L246.6 467.3c-9.4 9.4-24.6 9.4-33.9 0l-22.2-22.2c-9.5-9.5-9.3-25 .4-34.3L311.4 296H24c-13.3 0-24-10.7-24-24v-32c0-13.3 10.7-24 24-24h287.4L190.9 101.2c-9.8-9.3-10-24.8-.4-34.3z\"><\/path><\/svg>\t\t\t<\/span>\n\t\t\t\t\t\t\t\t\t<span class=\"elementor-button-text\">M\u00e1s Informaci\u00f3n<\/span>\n\t\t\t\t\t<\/span>\n\t\t\t\t\t<\/a>\n\t\t\t\t<\/div>\n\t\t\t\t\t\t\t\t<\/div>\n\t\t\t\t<\/div>\n\t\t\t\t<\/div>\n\t\t\t\t<\/div>\n\t\t\t\t<\/div>\n\t\t<div class=\"elementor-element elementor-element-b608061 e-con-full e-flex e-con e-parent\" data-id=\"b608061\" data-element_type=\"container\">\n\t\t<div class=\"elementor-element elementor-element-d4e79e4 e-con-full e-flex e-con e-child\" data-id=\"d4e79e4\" data-element_type=\"container\">\n\t\t<div class=\"elementor-element elementor-element-6c99221 e-con-full e-flex e-con e-child\" data-id=\"6c99221\" data-element_type=\"container\">\n\t\t\t\t<div class=\"elementor-element elementor-element-afdd1c2 elementor-widget elementor-widget-heading\" data-id=\"afdd1c2\" data-element_type=\"widget\" data-widget_type=\"heading.default\">\n\t\t\t\t<div class=\"elementor-widget-container\">\n\t\t\t\t\t<h2 class=\"elementor-heading-title elementor-size-default\">Specialist<\/h2>\t\t\t\t<\/div>\n\t\t\t\t<\/div>\n\t\t\t\t<div class=\"elementor-element elementor-element-398c65f elementor-widget elementor-widget-heading\" data-id=\"398c65f\" data-element_type=\"widget\" data-widget_type=\"heading.default\">\n\t\t\t\t<div class=\"elementor-widget-container\">\n\t\t\t\t\t<h2 class=\"elementor-heading-title elementor-size-default\">Dr. F\u00e9lix, Juli\u00e1n Campos Garcia<\/h2>\t\t\t\t<\/div>\n\t\t\t\t<\/div>\n\t\t\t\t<div class=\"elementor-element elementor-element-3850c75 elementor-widget elementor-widget-text-editor\" data-id=\"3850c75\" data-element_type=\"widget\" data-widget_type=\"text-editor.default\">\n\t\t\t\t<div class=\"elementor-widget-container\">\n\t\t\t\t\t\t\t\t\t<ul><li>M\u00e9dico Genetista, Hospital General \u00abDr. Agust\u00edn O&#8217;Hor\u00e1n\u00bb \/ Hospital Star M\u00e9dica M\u00e9rida<\/li><li>Investigador Adjunto, Universidad Marista M\u00e9rida<\/li><li>Certificado del Consejo Mexicano de Gen\u00e9tica, No. 282<\/li><li>Diplomado en Diagn\u00f3stico y Tratamiento de Errores Innatos del Metabolismo (INTA &#8211; Chile)<\/li><li>Miembro de la Asociaci\u00f3n Mexicana de Gen\u00e9tica Humana<\/li><li>Miembro de la Sociedad para el Estudio de los Errores Innatos del Metabolismo (SSIEM)<\/li><li>Miembro de la Sociedad de Desordenes Metab\u00f3licos Hereditarios (SIMD)<\/li><\/ul>\t\t\t\t\t\t\t\t<\/div>\n\t\t\t\t<\/div>\n\t\t\t\t<div class=\"elementor-element elementor-element-9dc0a73 elementor-align-left elementor-widget elementor-widget-button\" data-id=\"9dc0a73\" data-element_type=\"widget\" data-widget_type=\"button.default\">\n\t\t\t\t<div class=\"elementor-widget-container\">\n\t\t\t\t\t\t\t\t\t<div class=\"elementor-button-wrapper\">\n\t\t\t\t\t<a class=\"elementor-button elementor-button-link elementor-size-sm\" href=\"https:\/\/api.whatsapp.com\/send\/?phone=5219999929403&#038;text&#038;type=phone_number&#038;app_absent=0\">\n\t\t\t\t\t\t<span class=\"elementor-button-content-wrapper\">\n\t\t\t\t\t\t<span class=\"elementor-button-icon\">\n\t\t\t\t<svg aria-hidden=\"true\" class=\"e-font-icon-svg e-fas-arrow-right\" viewbox=\"0 0 448 512\" xmlns=\"http:\/\/www.w3.org\/2000\/svg\"><path d=\"M190.5 66.9l22.2-22.2c9.4-9.4 24.6-9.4 33.9 0L441 239c9.4 9.4 9.4 24.6 0 33.9L246.6 467.3c-9.4 9.4-24.6 9.4-33.9 0l-22.2-22.2c-9.5-9.5-9.3-25 .4-34.3L311.4 296H24c-13.3 0-24-10.7-24-24v-32c0-13.3 10.7-24 24-24h287.4L190.9 101.2c-9.8-9.3-10-24.8-.4-34.3z\"><\/path><\/svg>\t\t\t<\/span>\n\t\t\t\t\t\t\t\t\t<span class=\"elementor-button-text\">M\u00e1s Informaci\u00f3n<\/span>\n\t\t\t\t\t<\/span>\n\t\t\t\t\t<\/a>\n\t\t\t\t<\/div>\n\t\t\t\t\t\t\t\t<\/div>\n\t\t\t\t<\/div>\n\t\t\t\t<\/div>\n\t\t\t\t<\/div>\n\t\t<div class=\"elementor-element elementor-element-910b346 e-con-full e-flex e-con e-child\" data-id=\"910b346\" data-element_type=\"container\" data-settings=\"{&quot;background_background&quot;:&quot;classic&quot;}\">\n\t\t\t\t<\/div>\n\t\t\t\t<\/div>\n\t\t<div class=\"elementor-element elementor-element-9281437 e-con-full e-flex e-con e-parent\" data-id=\"9281437\" data-element_type=\"container\">\n\t\t<div class=\"elementor-element elementor-element-a522c42 e-con-full e-flex e-con e-child\" data-id=\"a522c42\" data-element_type=\"container\" data-settings=\"{&quot;background_background&quot;:&quot;classic&quot;}\">\n\t\t\t\t<\/div>\n\t\t<div class=\"elementor-element elementor-element-b48f9d0 e-con-full e-flex e-con e-child\" data-id=\"b48f9d0\" data-element_type=\"container\">\n\t\t<div class=\"elementor-element elementor-element-855d8b2 e-con-full e-flex e-con e-child\" data-id=\"855d8b2\" data-element_type=\"container\">\n\t\t\t\t<div class=\"elementor-element elementor-element-a67d1d2 elementor-widget elementor-widget-heading\" data-id=\"a67d1d2\" data-element_type=\"widget\" data-widget_type=\"heading.default\">\n\t\t\t\t<div class=\"elementor-widget-container\">\n\t\t\t\t\t<h2 class=\"elementor-heading-title elementor-size-default\">Specialist<\/h2>\t\t\t\t<\/div>\n\t\t\t\t<\/div>\n\t\t\t\t<div class=\"elementor-element elementor-element-5cd682f elementor-widget elementor-widget-heading\" data-id=\"5cd682f\" data-element_type=\"widget\" data-widget_type=\"heading.default\">\n\t\t\t\t<div class=\"elementor-widget-container\">\n\t\t\t\t\t<h2 class=\"elementor-heading-title elementor-size-default\">Dr. Ph.D. Bernard Esquivel<\/h2>\t\t\t\t<\/div>\n\t\t\t\t<\/div>\n\t\t\t\t<div class=\"elementor-element elementor-element-96aa80d elementor-widget elementor-widget-text-editor\" data-id=\"96aa80d\" data-element_type=\"widget\" data-widget_type=\"text-editor.default\">\n\t\t\t\t<div class=\"elementor-widget-container\">\n\t\t\t\t\t\t\t\t\t<p><span style=\"font-weight: 400;\">Digital Health-AI- Precision Medicine Advocate<\/span><\/p><p><span style=\"font-weight: 400;\">GenXys, Vancouver, British Columbia, Canada.<\/span><\/p><p><span style=\"font-weight: 400;\">Experiencia:<\/span><\/p>\t\t\t\t\t\t\t\t<\/div>\n\t\t\t\t<\/div>\n\t\t\t\t<div class=\"elementor-element elementor-element-52441f3 elementor-align-left elementor-widget elementor-widget-button\" data-id=\"52441f3\" data-element_type=\"widget\" data-widget_type=\"button.default\">\n\t\t\t\t<div class=\"elementor-widget-container\">\n\t\t\t\t\t\t\t\t\t<div class=\"elementor-button-wrapper\">\n\t\t\t\t\t<a class=\"elementor-button elementor-button-link elementor-size-sm\" href=\"https:\/\/api.whatsapp.com\/send\/?phone=5219999929403&#038;text&#038;type=phone_number&#038;app_absent=0\">\n\t\t\t\t\t\t<span class=\"elementor-button-content-wrapper\">\n\t\t\t\t\t\t<span class=\"elementor-button-icon\">\n\t\t\t\t<svg aria-hidden=\"true\" class=\"e-font-icon-svg e-fas-arrow-right\" viewbox=\"0 0 448 512\" xmlns=\"http:\/\/www.w3.org\/2000\/svg\"><path d=\"M190.5 66.9l22.2-22.2c9.4-9.4 24.6-9.4 33.9 0L441 239c9.4 9.4 9.4 24.6 0 33.9L246.6 467.3c-9.4 9.4-24.6 9.4-33.9 0l-22.2-22.2c-9.5-9.5-9.3-25 .4-34.3L311.4 296H24c-13.3 0-24-10.7-24-24v-32c0-13.3 10.7-24 24-24h287.4L190.9 101.2c-9.8-9.3-10-24.8-.4-34.3z\"><\/path><\/svg>\t\t\t<\/span>\n\t\t\t\t\t\t\t\t\t<span class=\"elementor-button-text\">M\u00e1s Informaci\u00f3n<\/span>\n\t\t\t\t\t<\/span>\n\t\t\t\t\t<\/a>\n\t\t\t\t<\/div>\n\t\t\t\t\t\t\t\t<\/div>\n\t\t\t\t<\/div>\n\t\t\t\t<\/div>\n\t\t\t\t<\/div>\n\t\t\t\t<\/div>\n\t\t<div class=\"elementor-element elementor-element-754c1c6f e-flex e-con-boxed e-con e-parent\" data-id=\"754c1c6f\" data-element_type=\"container\" data-settings=\"{&quot;background_background&quot;:&quot;classic&quot;}\">\n\t\t\t\t\t<div class=\"e-con-inner\">\n\t\t<div class=\"elementor-element elementor-element-693d2956 e-con-full e-flex e-con e-child\" data-id=\"693d2956\" data-element_type=\"container\">\n\t\t\t\t<div class=\"elementor-element elementor-element-583f75a elementor-widget elementor-widget-heading\" data-id=\"583f75a\" data-element_type=\"widget\" data-widget_type=\"heading.default\">\n\t\t\t\t<div class=\"elementor-widget-container\">\n\t\t\t\t\t<h2 class=\"elementor-heading-title elementor-size-default\">Recursos<\/h2>\t\t\t\t<\/div>\n\t\t\t\t<\/div>\n\t\t\t\t<div class=\"elementor-element elementor-element-6a16238 elementor-widget elementor-widget-heading\" data-id=\"6a16238\" data-element_type=\"widget\" data-widget_type=\"heading.default\">\n\t\t\t\t<div class=\"elementor-widget-container\">\n\t\t\t\t\t<h2 class=\"elementor-heading-title elementor-size-default\">Siempre recibimos toda su ayuda <\/h2>\t\t\t\t<\/div>\n\t\t\t\t<\/div>\n\t\t\t\t<div class=\"elementor-element elementor-element-17c56ccd elementor-widget elementor-widget-text-editor\" data-id=\"17c56ccd\" data-element_type=\"widget\" data-widget_type=\"text-editor.default\">\n\t\t\t\t<div class=\"elementor-widget-container\">\n\t\t\t\t\t\t\t\t\t<p><span style=\"vertical-align: inherit;\"><span style=\"vertical-align: inherit;\"><span style=\"vertical-align: inherit;\"><span style=\"vertical-align: inherit;\"><span style=\"vertical-align: inherit;\"><span style=\"vertical-align: inherit;\"><span style=\"vertical-align: inherit;\"><span style=\"vertical-align: inherit;\"><span style=\"vertical-align: inherit;\"><span style=\"vertical-align: inherit;\"><span style=\"vertical-align: inherit;\"><span style=\"vertical-align: inherit;\">Quienes ante el desconocimiento general sobre la enfermedad, la variabilidad en su tratamiento y la falta de contacto con otras familias, decidieron unir esfuerzos para mejorar la calidad de vida de los afectados y sus familias.\u00a0<\/span><\/span><\/span><\/span><\/span><\/span><\/span><\/span><\/span><\/span><\/span><\/span><\/p>\t\t\t\t\t\t\t\t<\/div>\n\t\t\t\t<\/div>\n\t\t<div class=\"elementor-element elementor-element-56f0f8e7 e-con-full e-flex e-con e-child\" data-id=\"56f0f8e7\" data-element_type=\"container\">\n\t\t<div class=\"elementor-element elementor-element-5c3f53e7 e-con-full e-flex e-con e-child\" data-id=\"5c3f53e7\" data-element_type=\"container\">\n\t\t\t\t<div class=\"elementor-element elementor-element-2bd6b79e elementor-widget__width-inherit elementor-widget-mobile__width-auto elementor-absolute elementor-widget elementor-widget-image\" data-id=\"2bd6b79e\" data-element_type=\"widget\" data-settings=\"{&quot;_position&quot;:&quot;absolute&quot;}\" data-widget_type=\"image.default\">\n\t\t\t\t<div class=\"elementor-widget-container\">\n\t\t\t\t\t\t\t\t\t\t\t\t\t\t\t<img decoding=\"async\" src=\"https:\/\/asipagac.com\/wp-content\/uploads\/2024\/11\/GAP-TIPO-1-11.png\" title=\"\" alt=\"\" loading=\"lazy\" \/>\t\t\t\t\t\t\t\t\t\t\t\t\t\t\t<\/div>\n\t\t\t\t<\/div>\n\t\t<div class=\"elementor-element elementor-element-515412b e-con-full e-flex e-con e-child\" data-id=\"515412b\" data-element_type=\"container\">\n\t\t\t\t<div class=\"elementor-element elementor-element-642a9348 elementor-align-right elementor-widget__width-auto elementor-widget elementor-widget-button\" data-id=\"642a9348\" data-element_type=\"widget\" data-widget_type=\"button.default\">\n\t\t\t\t<div class=\"elementor-widget-container\">\n\t\t\t\t\t\t\t\t\t<div class=\"elementor-button-wrapper\">\n\t\t\t\t\t<a class=\"elementor-button elementor-button-link elementor-size-sm\" href=\"#\">\n\t\t\t\t\t\t<span class=\"elementor-button-content-wrapper\">\n\t\t\t\t\t\t\t\t\t<span class=\"elementor-button-text\">DONAR AHORA<\/span>\n\t\t\t\t\t<\/span>\n\t\t\t\t\t<\/a>\n\t\t\t\t<\/div>\n\t\t\t\t\t\t\t\t<\/div>\n\t\t\t\t<\/div>\n\t\t\t\t<\/div>\n\t\t<div class=\"elementor-element elementor-element-6f9d6dbd e-con-full e-flex e-con e-child\" data-id=\"6f9d6dbd\" data-element_type=\"container\">\n\t\t\t\t<div class=\"elementor-element elementor-element-1211e220 elementor-align-left elementor-widget__width-inherit elementor-widget-mobile__width-auto elementor-widget elementor-widget-button\" data-id=\"1211e220\" data-element_type=\"widget\" data-widget_type=\"button.default\">\n\t\t\t\t<div class=\"elementor-widget-container\">\n\t\t\t\t\t\t\t\t\t<div class=\"elementor-button-wrapper\">\n\t\t\t\t\t<a class=\"elementor-button elementor-button-link elementor-size-sm\" href=\"#\">\n\t\t\t\t\t\t<span class=\"elementor-button-content-wrapper\">\n\t\t\t\t\t\t\t\t\t<span class=\"elementor-button-text\">CONT\u00c1CTENOS<\/span>\n\t\t\t\t\t<\/span>\n\t\t\t\t\t<\/a>\n\t\t\t\t<\/div>\n\t\t\t\t\t\t\t\t<\/div>\n\t\t\t\t<\/div>\n\t\t\t\t<\/div>\n\t\t\t\t<\/div>\n\t\t\t\t<\/div>\n\t\t\t\t<\/div>\n\t\t\t\t\t<\/div>\n\t\t\t\t<\/div>\n\t\t\t\t<\/div>","protected":false},"excerpt":{"rendered":"<p>\u00bfQui\u00e9n me puede ayudar? Inicio &gt; Qui\u00e9n me puede ayudar En esta secci\u00f3n encontrar\u00e1 informaci\u00f3n clave sobre los especialistas en M\u00e9xico que cuentan con la experiencia necesaria para diagnosticar y tratar esta condici\u00f3n de manera adecuada. Adem\u00e1s, incluimos algunos datos generales sobre los lugares donde laboran, brind\u00e1ndote una gu\u00eda confiable para recibir atenci\u00f3n de calidad.<\/p>","protected":false},"author":2,"featured_media":0,"parent":0,"menu_order":0,"comment_status":"closed","ping_status":"closed","template":"","meta":{"_acf_changed":false,"footnotes":""},"class_list":["post-133","page","type-page","status-publish","hentry"],"acf":[],"_links":{"self":[{"href":"https:\/\/asipagac.com\/en\/wp-json\/wp\/v2\/pages\/133","targetHints":{"allow":["GET"]}}],"collection":[{"href":"https:\/\/asipagac.com\/en\/wp-json\/wp\/v2\/pages"}],"about":[{"href":"https:\/\/asipagac.com\/en\/wp-json\/wp\/v2\/types\/page"}],"author":[{"embeddable":true,"href":"https:\/\/asipagac.com\/en\/wp-json\/wp\/v2\/users\/2"}],"replies":[{"embeddable":true,"href":"https:\/\/asipagac.com\/en\/wp-json\/wp\/v2\/comments?post=133"}],"version-history":[{"count":49,"href":"https:\/\/asipagac.com\/en\/wp-json\/wp\/v2\/pages\/133\/revisions"}],"predecessor-version":[{"id":514,"href":"https:\/\/asipagac.com\/en\/wp-json\/wp\/v2\/pages\/133\/revisions\/514"}],"wp:attachment":[{"href":"https:\/\/asipagac.com\/en\/wp-json\/wp\/v2\/media?parent=133"}],"curies":[{"name":"wp","href":"https:\/\/api.w.org\/{rel}","templated":true}]}}